{"id":9,"date":"2023-08-30T19:51:51","date_gmt":"2023-08-30T17:51:51","guid":{"rendered":"https:\/\/cocoonamama.fr\/?page_id=9"},"modified":"2025-11-04T10:15:58","modified_gmt":"2025-11-04T09:15:58","slug":"a-propos-de","status":"publish","type":"page","link":"https:\/\/cocoonamama.fr\/?page_id=9","title":{"rendered":"\u00c0 PROPOS DE"},"content":{"rendered":"\t\t<div data-elementor-type=\"wp-page\" data-elementor-id=\"9\" class=\"elementor elementor-9\">\n\t\t\t\t\t\t<section class=\"elementor-section elementor-top-section elementor-element elementor-element-25540885 elementor-section-boxed elementor-section-height-default elementor-section-height-default\" data-id=\"25540885\" data-element_type=\"section\">\n\t\t\t\t\t\t<div class=\"elementor-container elementor-column-gap-default\">\n\t\t\t\t\t<div class=\"elementor-column elementor-col-100 elementor-top-column elementor-element elementor-element-366190b\" data-id=\"366190b\" data-element_type=\"column\">\n\t\t\t<div class=\"elementor-widget-wrap elementor-element-populated\">\n\t\t\t\t\t\t<div class=\"elementor-element elementor-element-b0615f8 elementor-widget elementor-widget-text-editor\" data-id=\"b0615f8\" data-element_type=\"widget\" data-widget_type=\"text-editor.default\">\n\t\t\t\t<div class=\"elementor-widget-container\">\n\t\t\t\t\t\t\t\t\t<p>Mes valeurs : \u00ab\u00a0bienveillance, authenticit\u00e9, libert\u00e9,\u00a0 douceur, harmonie, famille, amour\u00a0\u00bb\u00a0<\/p>\t\t\t\t\t\t\t\t<\/div>\n\t\t\t\t<\/div>\n\t\t\t\t<div class=\"elementor-element elementor-element-2222642c elementor-widget elementor-widget-text-editor\" data-id=\"2222642c\" data-element_type=\"widget\" data-widget_type=\"text-editor.default\">\n\t\t\t\t<div class=\"elementor-widget-container\">\n\t\t\t\t\t\t\t\t\t<figure class=\"wp-block-image size-large is-resized is-style-rounded\"><img fetchpriority=\"high\" decoding=\"async\" class=\"wp-image-98\" style=\"width: 246px; height: 261px;\" src=\"https:\/\/cocoonamama.fr\/wp-content\/uploads\/2023\/09\/Photo-965x1024.jpg\" alt=\"\" width=\"246\" height=\"261\" srcset=\"https:\/\/cocoonamama.fr\/wp-content\/uploads\/2023\/09\/Photo-965x1024.jpg 965w, https:\/\/cocoonamama.fr\/wp-content\/uploads\/2023\/09\/Photo-283x300.jpg 283w, https:\/\/cocoonamama.fr\/wp-content\/uploads\/2023\/09\/Photo-768x815.jpg 768w, https:\/\/cocoonamama.fr\/wp-content\/uploads\/2023\/09\/Photo-1448x1536.jpg 1448w, https:\/\/cocoonamama.fr\/wp-content\/uploads\/2023\/09\/Photo.jpg 1465w\" sizes=\"(max-width: 246px) 100vw, 246px\" \/><\/figure>\n<p><!-- \/wp:image --><\/p>\n<p><!-- wp:paragraph --><\/p>\n<p>Je m&rsquo;appelle Nathalie ROBINE, passionn\u00e9e par le mouvement, le corps humain, les sens, les b\u00e9b\u00e9s et l&rsquo;harmonie. <br \/>Fascin\u00e9e par notre capacit\u00e9 \u00e0 donner la vie. J&rsquo;ai la chance d&rsquo;\u00eatre maman et d&rsquo;avoir exp\u00e9riment\u00e9 en mon corps cette merveilleuse aventure.<\/p>\n<p><span style=\"color: var( --e-global-color-text ); font-family: var( --e-global-typography-text-font-family ), Sans-serif; font-size: 1rem; font-weight: var( --e-global-typography-text-font-weight );\">Professeure de yoga vinyasa certifi\u00e9e yoga alliance et sp\u00e9cialis\u00e9e en yoga pr\u00e9natal et postnatal (m\u00e9thode De Gasquet). Je suis \u00e9galement instructrice de massage b\u00e9b\u00e9 (IAIM) et form\u00e9e \u00e0 la motricit\u00e9 des b\u00e9b\u00e9s \u00e0 travers la m\u00e9thode BabyMov d\u00e9velopp\u00e9e par l&rsquo;ost\u00e9opathe Capucine Vercellotti.<\/span><\/p>\n<p><span style=\"color: var( --e-global-color-text ); font-family: var( --e-global-typography-text-font-family ), Sans-serif; font-size: 1rem; font-weight: var( --e-global-typography-text-font-weight );\">Je suis \u00e9galement DOULA, certifi\u00e9e par le Centre Pleine Lune d&rsquo;Isabelle CHALLUT.<\/span><\/p>\n<p><!-- \/wp:paragraph --><\/p>\n<p><!-- wp:paragraph --><\/p>\n<p>Ma formation \u00e0 commenc\u00e9 avec le yoga.<\/p>\n<p>Je suis all\u00e9e me former au Japon aupr\u00e8s d&rsquo;un ma\u00eetre d&rsquo;exception : Duncan WONG. <br \/>Il est le fondateur du YogicArts, ce style unique bas\u00e9 sur le yoga Ashtanga, les arts martiaux, le massage tha\u00ef et la danse. <br \/>Duncan a extrait la quintessence de toutes ces pratiques et construit un style bas\u00e9 sur la biom\u00e9canique du corps accessible \u00e0 tous. Ce style est tr\u00e8s th\u00e9rapeutique et offre un corps d\u00e9li\u00e9 d\u00e8s les premi\u00e8res s\u00e9ances.<br \/>J&rsquo;ai re\u00e7u son enseignement dans un cadre privil\u00e9gi\u00e9 dans la for\u00eat de kyoto au sein d&rsquo;un petit groupe de 8 personnes garantissant une transmission de qualit\u00e9. <br \/>Aujourd&rsquo;hui je continue \u00e0 me former aupr\u00e8s de lui \u00e0 chacun de ses passages en France ou en Europe lorsqu&rsquo;il vient transmettre et rencontrer ses professeurs \u00e0 travers l&rsquo;Europe.<\/p>\n<p>Je me suis \u00e9galement form\u00e9e au yoga pour enfant aupr\u00e8s de Greville HENWOOD qui a d\u00e9velopp\u00e9 le Groovy Kids Yoga. Une yoga ludique qui passe par le jeu et stimule le d\u00e9veloppement moteur de 3 \u00e0 8 ans.<\/p>\n<p><!-- \/wp:paragraph --><\/p>\n<p><!-- wp:paragraph --><\/p>\n<p>Concernant ma formation au yoga pr\u00e9 et post natal, j&rsquo;ai choisi de me former aupr\u00e8s de l&rsquo;institut De Gasquet pour son approche posturo-respiratoire et la richesse de son approche physiologique pleine de bon sens. <br \/>Ses enseignements sont essentiels \u00e0 une vie en plein respect de notre anatomie au fil de la vie, dans les mouvements de tous les jours pour nous garantir une posture juste et pr\u00e9server ainsi notre corps de femme pendant et apr\u00e8s la grossesse.<\/p>\n<p><!-- \/wp:paragraph --><\/p>\n<p><!-- wp:paragraph --><\/p>\n<p>Ma passion du mouvement et des sens m&rsquo;a amen\u00e9 tout naturellement \u00e0 me former \u00e0 l&rsquo;art du massage b\u00e9b\u00e9 aupr\u00e8s de l&rsquo;association fran\u00e7aise du massage b\u00e9b\u00e9 (AFMB, structure Fran\u00e7aise de l&rsquo;institut international du massage b\u00e9b\u00e9 (IAIM)).<br \/>Je transmet ainsi aux parents cet art ancestral, vecteur d&rsquo;un d\u00e9veloppement optimal des b\u00e9b\u00e9s et du renforcement du lien d&rsquo;attachement. <br \/>Seuls les parents massent leur b\u00e9b\u00e9, je vous montre les mouvements sur mon poupon \ud83d\ude09<\/p>\n<p><!-- \/wp:paragraph --><\/p>\n<p><!-- wp:paragraph --><\/p>\n<p>Dans la continuit\u00e9 du massage b\u00e9b\u00e9 et de ma pratique du yoga, je trouve essentiel d&rsquo;offrir au b\u00e9b\u00e9 un soutien et un accompagnement dans leur d\u00e9veloppement moteur jusqu&rsquo;\u00e0 la marche. C&rsquo;est ce que d\u00e9veloppe l&rsquo;ost\u00e9opathe Capucine Vercellotti \u00e0 travers sa m\u00e9thode Baby Mov \u00e0 laquelle je suis form\u00e9e. <br \/>A travers cette m\u00e9thode je vous propose des s\u00e9quences de mouvements que vous parents, pourrez faire avec votre b\u00e9b\u00e9. <br \/>Gr\u00e2ce \u00e0 ses s\u00e9quences vous allez permettre \u00e0 votre b\u00e9b\u00e9 de bouger son corps avec plus de fluidit\u00e9 et d&rsquo;aisance, d&rsquo;int\u00e9grer tous ces reflexes primitifs et lui offrir un socle solide pour tous ces apprentissages futurs.<\/p>\n<p><!-- \/wp:paragraph --><\/p>\n<p><!-- wp:paragraph --><\/p>\n<p>Ainsi j&rsquo;encourage tous les jeunes parents \u00e0 : masser leur b\u00e9b\u00e9 car il offre bien \u00eatre et harmonie dans la relation parents-enfants, renforce le lien d&rsquo;attachement, valorise les parents et les b\u00e9b\u00e9s.<\/p>\n<p><!-- \/wp:paragraph --><\/p>\n<p><!-- wp:paragraph --><\/p>\n<p>Le massage et le baby yoga offrent une stimulation motrice et c\u00e9r\u00e9brale qui va aider votre b\u00e9b\u00e9 \u00e0 assouvir son envie de d\u00e9couvrir le monde.<\/p>\n<p><!-- \/wp:paragraph --><\/p>\n<p><!-- wp:paragraph --><\/p>\n<p>Aujourd&rsquo;hui bon nombre d&rsquo;\u00e9tudes vont en ce sens : le bon d\u00e9veloppement moteur des b\u00e9b\u00e9s est en lien avec un bon d\u00e9veloppement cognitif.<\/p>\n<p><!-- \/wp:paragraph --><\/p>\n<p><!-- wp:paragraph --><\/p>\n<p>Accompagner votre b\u00e9b\u00e9 tout au long de sa premi\u00e8re ann\u00e9e est fondamental.<\/p>\n<p>Forte de toutes ces exp\u00e9riences aupr\u00e8s des futures et jeunes mamans, je me rends compte que je suis anim\u00e9e par cette envie de vous accompagner encore plus loin depuis votre grossesse jusqu&rsquo;\u00e0 la fin de votre p\u00e9riode postnatale.<\/p>\n<p>C&rsquo;est donc tout naturellement que j&rsquo;ai poursuivi avec une formation de Doula aupr\u00e8s du centre pleine lune au Quebec.<\/p>\n<p>Mon \u00e2me est combl\u00e9e car pouvoir vous accompagner tout au long de votre parcours de la grossesse \u00e0 la p\u00e9riode postnatale est un bonheur immense.<\/p>\n<p>Joie de vous d\u00e9couvrir si vous r\u00e9sonnez avec moi, n&rsquo;h\u00e9sitez pas \u00e0 me contacter.<\/p>\n<p>Il n&rsquo;y a pas de hasard, les rencontres sont magiques elles nous enrichissent mutuellement.<\/p>\n<p>Au plaisir,<\/p>\n<p>Nathalie\u00a0<\/p>\n<p><!-- \/wp:paragraph --><\/p>\t\t\t\t\t\t\t\t<\/div>\n\t\t\t\t<\/div>\n\t\t\t\t\t<\/div>\n\t\t<\/div>\n\t\t\t\t\t<\/div>\n\t\t<\/section>\n\t\t\t\t<\/div>\n\t\t","protected":false},"excerpt":{"rendered":"<p>Mes valeurs : \u00ab\u00a0bienveillance, authenticit\u00e9, libert\u00e9,\u00a0 douceur, harmonie, famille, amour\u00a0\u00bb\u00a0 Je m&rsquo;appelle Nathalie ROBINE, passionn\u00e9e par le mouvement, le corps humain, les sens, les b\u00e9b\u00e9s et l&rsquo;harmonie. Fascin\u00e9e par notre capacit\u00e9 \u00e0 donner la vie. J&rsquo;ai la chance d&rsquo;\u00eatre maman et d&rsquo;avoir exp\u00e9riment\u00e9 en mon corps cette merveilleuse aventure. Professeure de yoga vinyasa certifi\u00e9e yoga &hellip; <\/p>\n<p class=\"link-more\"><a href=\"https:\/\/cocoonamama.fr\/?page_id=9\" class=\"more-link\">Continuer la lecture<span class=\"screen-reader-text\"> de &laquo;&nbsp;\u00c0 PROPOS DE&nbsp;&raquo;<\/span><\/a><\/p>\n","protected":false},"author":1,"featured_media":32,"parent":0,"menu_order":0,"comment_status":"closed","ping_status":"closed","template":"","meta":{"footnotes":""},"class_list":["post-9","page","type-page","status-publish","has-post-thumbnail","hentry"],"_links":{"self":[{"href":"https:\/\/cocoonamama.fr\/index.php?rest_route=\/wp\/v2\/pages\/9","targetHints":{"allow":["GET"]}}],"collection":[{"href":"https:\/\/cocoonamama.fr\/index.php?rest_route=\/wp\/v2\/pages"}],"about":[{"href":"https:\/\/cocoonamama.fr\/index.php?rest_route=\/wp\/v2\/types\/page"}],"author":[{"embeddable":true,"href":"https:\/\/cocoonamama.fr\/index.php?rest_route=\/wp\/v2\/users\/1"}],"replies":[{"embeddable":true,"href":"https:\/\/cocoonamama.fr\/index.php?rest_route=%2Fwp%2Fv2%2Fcomments&post=9"}],"version-history":[{"count":26,"href":"https:\/\/cocoonamama.fr\/index.php?rest_route=\/wp\/v2\/pages\/9\/revisions"}],"predecessor-version":[{"id":748,"href":"https:\/\/cocoonamama.fr\/index.php?rest_route=\/wp\/v2\/pages\/9\/revisions\/748"}],"wp:featuredmedia":[{"embeddable":true,"href":"https:\/\/cocoonamama.fr\/index.php?rest_route=\/wp\/v2\/media\/32"}],"wp:attachment":[{"href":"https:\/\/cocoonamama.fr\/index.php?rest_route=%2Fwp%2Fv2%2Fmedia&parent=9"}],"curies":[{"name":"wp","href":"https:\/\/api.w.org\/{rel}","templated":true}]}}