{"id":481,"date":"2023-09-25T21:46:05","date_gmt":"2023-09-25T19:46:05","guid":{"rendered":"https:\/\/cocoonamama.fr\/?page_id=481"},"modified":"2023-10-02T16:34:45","modified_gmt":"2023-10-02T14:34:45","slug":"avis","status":"publish","type":"page","link":"https:\/\/cocoonamama.fr\/?page_id=481","title":{"rendered":"AVIS"},"content":{"rendered":"\t\t<div data-elementor-type=\"wp-page\" data-elementor-id=\"481\" class=\"elementor elementor-481\">\n\t\t\t\t\t\t<section class=\"elementor-section elementor-top-section elementor-element elementor-element-722b8e1 elementor-section-boxed elementor-section-height-default elementor-section-height-default\" data-id=\"722b8e1\" data-element_type=\"section\">\n\t\t\t\t\t\t<div class=\"elementor-container elementor-column-gap-default\">\n\t\t\t\t\t<div class=\"elementor-column elementor-col-100 elementor-top-column elementor-element elementor-element-a84c9e6\" data-id=\"a84c9e6\" data-element_type=\"column\">\n\t\t\t<div class=\"elementor-widget-wrap elementor-element-populated\">\n\t\t\t\t\t\t<div class=\"elementor-element elementor-element-a18bf32 elementor-widget elementor-widget-heading\" data-id=\"a18bf32\" data-element_type=\"widget\" data-widget_type=\"heading.default\">\n\t\t\t\t<div class=\"elementor-widget-container\">\n\t\t\t\t\t<h2 class=\"elementor-heading-title elementor-size-default\">Qu'en disent elles ?<br><\/h2>\t\t\t\t<\/div>\n\t\t\t\t<\/div>\n\t\t\t\t<div class=\"elementor-element elementor-element-16b0006 elementor--star-style-star_fontawesome elementor-widget elementor-widget-star-rating\" data-id=\"16b0006\" data-element_type=\"widget\" data-widget_type=\"star-rating.default\">\n\t\t\t\t<div class=\"elementor-widget-container\">\n\t\t\t\t\t\n\t\t<div class=\"elementor-star-rating__wrapper\">\n\t\t\t\t\t\t<div class=\"elementor-star-rating\" title=\"5\/5\" itemtype=\"http:\/\/schema.org\/Rating\" itemscope=\"\" itemprop=\"reviewRating\"><i class=\"elementor-star-full\">&#xE934;<\/i><i class=\"elementor-star-full\">&#xE934;<\/i><i class=\"elementor-star-full\">&#xE934;<\/i><i class=\"elementor-star-full\">&#xE934;<\/i><i class=\"elementor-star-full\">&#xE934;<\/i> <span itemprop=\"ratingValue\" class=\"elementor-screen-only\">5\/5<\/span><\/div>\t\t<\/div>\n\t\t\t\t\t\t<\/div>\n\t\t\t\t<\/div>\n\t\t\t\t<div class=\"elementor-element elementor-element-daf562f elementor-widget elementor-widget-testimonial\" data-id=\"daf562f\" data-element_type=\"widget\" data-widget_type=\"testimonial.default\">\n\t\t\t\t<div class=\"elementor-widget-container\">\n\t\t\t\t\t\t\t<div class=\"elementor-testimonial-wrapper\">\n\t\t\t\t\t\t\t<div class=\"elementor-testimonial-content\">\"Les exp\u00e9riences v\u00e9cues avec Nathalie \u00e0 travers les cours de yoga postnatal et de massage b\u00e9b\u00e9 resteront grav\u00e9s parmi les meilleurs souvenirs de ma p\u00e9riode postnatale\"<\/div>\n\t\t\t\n\t\t\t\t\t\t<div class=\"elementor-testimonial-meta elementor-has-image elementor-testimonial-image-position-aside\">\n\t\t\t\t<div class=\"elementor-testimonial-meta-inner\">\n\t\t\t\t\t\t\t\t\t\t\t<div class=\"elementor-testimonial-image\">\n\t\t\t\t\t\t\t<img fetchpriority=\"high\" decoding=\"async\" width=\"1080\" height=\"1126\" src=\"https:\/\/cocoonamama.fr\/wp-content\/uploads\/2023\/09\/JulieEtLeo.jpg\" class=\"attachment-full size-full wp-image-483\" alt=\"\" srcset=\"https:\/\/cocoonamama.fr\/wp-content\/uploads\/2023\/09\/JulieEtLeo.jpg 1080w, https:\/\/cocoonamama.fr\/wp-content\/uploads\/2023\/09\/JulieEtLeo-288x300.jpg 288w, https:\/\/cocoonamama.fr\/wp-content\/uploads\/2023\/09\/JulieEtLeo-982x1024.jpg 982w, https:\/\/cocoonamama.fr\/wp-content\/uploads\/2023\/09\/JulieEtLeo-768x801.jpg 768w\" sizes=\"(max-width: 767px) 89vw, (max-width: 1000px) 54vw, (max-width: 1071px) 543px, 580px\" \/>\t\t\t\t\t\t<\/div>\n\t\t\t\t\t\n\t\t\t\t\t\t\t\t\t\t<div class=\"elementor-testimonial-details\">\n\t\t\t\t\t\t\t\t\t\t\t\t\t\t<div class=\"elementor-testimonial-name\">Lucie<\/div>\n\t\t\t\t\t\t\t\t\t\t\t\t\t\t\t\t\t\t\t\t\t\t<div class=\"elementor-testimonial-job\">Maman de L\u00e9o<\/div>\n\t\t\t\t\t\t\t\t\t\t\t\t\t<\/div>\n\t\t\t\t\t\t\t\t\t<\/div>\n\t\t\t<\/div>\n\t\t\t\t\t<\/div>\n\t\t\t\t\t\t<\/div>\n\t\t\t\t<\/div>\n\t\t\t\t<div class=\"elementor-element elementor-element-c5054fe elementor--star-style-star_fontawesome elementor-widget elementor-widget-star-rating\" data-id=\"c5054fe\" data-element_type=\"widget\" data-widget_type=\"star-rating.default\">\n\t\t\t\t<div class=\"elementor-widget-container\">\n\t\t\t\t\t\n\t\t<div class=\"elementor-star-rating__wrapper\">\n\t\t\t\t\t\t<div class=\"elementor-star-rating\" title=\"5\/5\" itemtype=\"http:\/\/schema.org\/Rating\" itemscope=\"\" itemprop=\"reviewRating\"><i class=\"elementor-star-full\">&#xE934;<\/i><i class=\"elementor-star-full\">&#xE934;<\/i><i class=\"elementor-star-full\">&#xE934;<\/i><i class=\"elementor-star-full\">&#xE934;<\/i><i class=\"elementor-star-full\">&#xE934;<\/i> <span itemprop=\"ratingValue\" class=\"elementor-screen-only\">5\/5<\/span><\/div>\t\t<\/div>\n\t\t\t\t\t\t<\/div>\n\t\t\t\t<\/div>\n\t\t\t\t<div class=\"elementor-element elementor-element-d061365 elementor-widget elementor-widget-testimonial\" data-id=\"d061365\" data-element_type=\"widget\" data-widget_type=\"testimonial.default\">\n\t\t\t\t<div class=\"elementor-widget-container\">\n\t\t\t\t\t\t\t<div class=\"elementor-testimonial-wrapper\">\n\t\t\t\t\t\t\t<div class=\"elementor-testimonial-content\">\"J'ai rencontr\u00e9 Nathalie lors de ma grossesse, car je cherchais \u00e0 faire du yoga pr\u00e9natal, et je la recommande chaleureusement. Tr\u00e8s \u00e0 l'\u00e9coute des petits maux, tr\u00e8s pro et super positive, c'\u00e9tait un plaisir de la retrouver chaque semaine en Zoom ! J'ai ensuite rejoint un cours de yoga postnatal avec d'autres jeunes m\u00e8res. Attentive \u00e0 la r\u00e9cup\u00e9ration de chacune, \u00e0 notre bien-\u00eatre physique et mental, Nathalie nous a r\u00e9appris \u00e0 prendre du temps pour nous... et cela m\u00eame avec b\u00e9b\u00e9 sur le tapis ! Une bulle de zen et de douceur \u00e0 chaque cours.\"<\/span><\/div>\n\t\t\t\n\t\t\t\t\t\t<div class=\"elementor-testimonial-meta elementor-has-image elementor-testimonial-image-position-aside\">\n\t\t\t\t<div class=\"elementor-testimonial-meta-inner\">\n\t\t\t\t\t\t\t\t\t\t\t<div class=\"elementor-testimonial-image\">\n\t\t\t\t\t\t\t<img decoding=\"async\" width=\"1080\" height=\"622\" src=\"https:\/\/cocoonamama.fr\/wp-content\/uploads\/2023\/09\/EmilieMargot-1.jpg\" class=\"attachment-full size-full wp-image-485\" alt=\"\" srcset=\"https:\/\/cocoonamama.fr\/wp-content\/uploads\/2023\/09\/EmilieMargot-1.jpg 1080w, https:\/\/cocoonamama.fr\/wp-content\/uploads\/2023\/09\/EmilieMargot-1-300x173.jpg 300w, https:\/\/cocoonamama.fr\/wp-content\/uploads\/2023\/09\/EmilieMargot-1-1024x590.jpg 1024w, https:\/\/cocoonamama.fr\/wp-content\/uploads\/2023\/09\/EmilieMargot-1-768x442.jpg 768w\" sizes=\"(max-width: 767px) 89vw, (max-width: 1000px) 54vw, (max-width: 1071px) 543px, 580px\" \/>\t\t\t\t\t\t<\/div>\n\t\t\t\t\t\n\t\t\t\t\t\t\t\t\t\t<div class=\"elementor-testimonial-details\">\n\t\t\t\t\t\t\t\t\t\t\t\t\t\t<div class=\"elementor-testimonial-name\">Emilie<\/div>\n\t\t\t\t\t\t\t\t\t\t\t\t\t\t\t\t\t\t\t\t\t\t<div class=\"elementor-testimonial-job\">Maman de Margot<\/div>\n\t\t\t\t\t\t\t\t\t\t\t\t\t<\/div>\n\t\t\t\t\t\t\t\t\t<\/div>\n\t\t\t<\/div>\n\t\t\t\t\t<\/div>\n\t\t\t\t\t\t<\/div>\n\t\t\t\t<\/div>\n\t\t\t\t<div class=\"elementor-element elementor-element-7da7fc4 elementor--star-style-star_fontawesome elementor-widget elementor-widget-star-rating\" data-id=\"7da7fc4\" data-element_type=\"widget\" data-widget_type=\"star-rating.default\">\n\t\t\t\t<div class=\"elementor-widget-container\">\n\t\t\t\t\t\n\t\t<div class=\"elementor-star-rating__wrapper\">\n\t\t\t\t\t\t<div class=\"elementor-star-rating\" title=\"5\/5\" itemtype=\"http:\/\/schema.org\/Rating\" itemscope=\"\" itemprop=\"reviewRating\"><i class=\"elementor-star-full\">&#xE934;<\/i><i class=\"elementor-star-full\">&#xE934;<\/i><i class=\"elementor-star-full\">&#xE934;<\/i><i class=\"elementor-star-full\">&#xE934;<\/i><i class=\"elementor-star-full\">&#xE934;<\/i> <span itemprop=\"ratingValue\" class=\"elementor-screen-only\">5\/5<\/span><\/div>\t\t<\/div>\n\t\t\t\t\t\t<\/div>\n\t\t\t\t<\/div>\n\t\t\t\t<div class=\"elementor-element elementor-element-6a5e3d6 elementor-widget elementor-widget-testimonial\" data-id=\"6a5e3d6\" data-element_type=\"widget\" data-widget_type=\"testimonial.default\">\n\t\t\t\t<div class=\"elementor-widget-container\">\n\t\t\t\t\t\t\t<div class=\"elementor-testimonial-wrapper\">\n\t\t\t\t\t\t\t<div class=\"elementor-testimonial-content\">\"Merci Nathalie pour ton accompagnement lors de ma premi\u00e8re grossesse! Tes cours de yoga pr\u00e9 et post natal, ateliers massage b\u00e9b\u00e9 et cours de danse maman-b\u00e9b\u00e9 ont \u00e9t\u00e9 essentiels pour mon bien-\u00eatre et pour faire face aux d\u00e9fis de la maternit\u00e9 avec confiance. Je recommande \u00e0 toutes les mamans et futures mamans en qu\u00eate d'une grossesse et maternit\u00e9 sereine !\"<\/span><\/div>\n\t\t\t\n\t\t\t\t\t\t<div class=\"elementor-testimonial-meta elementor-has-image elementor-testimonial-image-position-aside\">\n\t\t\t\t<div class=\"elementor-testimonial-meta-inner\">\n\t\t\t\t\t\t\t\t\t\t\t<div class=\"elementor-testimonial-image\">\n\t\t\t\t\t\t\t<img decoding=\"async\" width=\"1920\" height=\"2560\" src=\"https:\/\/cocoonamama.fr\/wp-content\/uploads\/2023\/09\/VeraAeris-scaled.jpg\" class=\"attachment-full size-full wp-image-491\" alt=\"\" srcset=\"https:\/\/cocoonamama.fr\/wp-content\/uploads\/2023\/09\/VeraAeris-scaled.jpg 1920w, https:\/\/cocoonamama.fr\/wp-content\/uploads\/2023\/09\/VeraAeris-225x300.jpg 225w, https:\/\/cocoonamama.fr\/wp-content\/uploads\/2023\/09\/VeraAeris-768x1024.jpg 768w, https:\/\/cocoonamama.fr\/wp-content\/uploads\/2023\/09\/VeraAeris-1152x1536.jpg 1152w, https:\/\/cocoonamama.fr\/wp-content\/uploads\/2023\/09\/VeraAeris-1536x2048.jpg 1536w\" sizes=\"(max-width: 767px) 89vw, (max-width: 1000px) 54vw, (max-width: 1071px) 543px, 580px\" \/>\t\t\t\t\t\t<\/div>\n\t\t\t\t\t\n\t\t\t\t\t\t\t\t\t\t<div class=\"elementor-testimonial-details\">\n\t\t\t\t\t\t\t\t\t\t\t\t\t\t<div class=\"elementor-testimonial-name\">Vera<\/div>\n\t\t\t\t\t\t\t\t\t\t\t\t\t\t\t\t\t\t\t\t\t\t<div class=\"elementor-testimonial-job\">Maman de Aeris<\/div>\n\t\t\t\t\t\t\t\t\t\t\t\t\t<\/div>\n\t\t\t\t\t\t\t\t\t<\/div>\n\t\t\t<\/div>\n\t\t\t\t\t<\/div>\n\t\t\t\t\t\t<\/div>\n\t\t\t\t<\/div>\n\t\t\t\t<div class=\"elementor-element elementor-element-3803e06 elementor--star-style-star_fontawesome elementor-widget elementor-widget-star-rating\" data-id=\"3803e06\" data-element_type=\"widget\" data-widget_type=\"star-rating.default\">\n\t\t\t\t<div class=\"elementor-widget-container\">\n\t\t\t\t\t\n\t\t<div class=\"elementor-star-rating__wrapper\">\n\t\t\t\t\t\t<div class=\"elementor-star-rating\" title=\"5\/5\" itemtype=\"http:\/\/schema.org\/Rating\" itemscope=\"\" itemprop=\"reviewRating\"><i class=\"elementor-star-full\">&#xE934;<\/i><i class=\"elementor-star-full\">&#xE934;<\/i><i class=\"elementor-star-full\">&#xE934;<\/i><i class=\"elementor-star-full\">&#xE934;<\/i><i class=\"elementor-star-full\">&#xE934;<\/i> <span itemprop=\"ratingValue\" class=\"elementor-screen-only\">5\/5<\/span><\/div>\t\t<\/div>\n\t\t\t\t\t\t<\/div>\n\t\t\t\t<\/div>\n\t\t\t\t<div class=\"elementor-element elementor-element-f90134d elementor-widget elementor-widget-testimonial\" data-id=\"f90134d\" data-element_type=\"widget\" data-widget_type=\"testimonial.default\">\n\t\t\t\t<div class=\"elementor-widget-container\">\n\t\t\t\t\t\t\t<div class=\"elementor-testimonial-wrapper\">\n\t\t\t\t\t\t\t<div class=\"elementor-testimonial-content\">C\u2019est avec grand plaisir que je recommande Nathalie . Elle a \u00e9t\u00e9\nma professeure de yoga pr\u00e9natal, pendant 6 mois. J\u2019ai commenc\u00e9 les cours \u00e0 3 mois de\ngrossesse. Outre ses solides comp\u00e9tences en mati\u00e8re de yoga, elle a su \u00eatre d\u2019un grand\nsoutien psychologique durant ma grossesse tant d\u00e9sir\u00e9e. Nathalie a su\nse rendre disponible, \u00eatre \u00e0 mon \u00e9coute et me rassurer. Ses cours m\u2019ont beaucoup aid\u00e9e\nphysiquement et moralement.\nElle a \u00e9t\u00e9 pr\u00e9sente pour ma petite famille et moi pendant ma grossesse et apr\u00e8s mon\naccouchement. L\u2019avoir \u00e0 mes c\u00f4t\u00e9s pendant mon accouchement aurait \u00e9t\u00e9 formidable.<\/div>\n\t\t\t\n\t\t\t\t\t\t<div class=\"elementor-testimonial-meta elementor-has-image elementor-testimonial-image-position-aside\">\n\t\t\t\t<div class=\"elementor-testimonial-meta-inner\">\n\t\t\t\t\t\t\t\t\t\t\t<div class=\"elementor-testimonial-image\">\n\t\t\t\t\t\t\t<img loading=\"lazy\" decoding=\"async\" width=\"2560\" height=\"1920\" src=\"https:\/\/cocoonamama.fr\/wp-content\/uploads\/2023\/09\/ManonMahaut-scaled.jpg\" class=\"attachment-full size-full wp-image-490\" alt=\"\" srcset=\"https:\/\/cocoonamama.fr\/wp-content\/uploads\/2023\/09\/ManonMahaut-scaled.jpg 2560w, https:\/\/cocoonamama.fr\/wp-content\/uploads\/2023\/09\/ManonMahaut-300x225.jpg 300w, https:\/\/cocoonamama.fr\/wp-content\/uploads\/2023\/09\/ManonMahaut-1024x768.jpg 1024w, https:\/\/cocoonamama.fr\/wp-content\/uploads\/2023\/09\/ManonMahaut-768x576.jpg 768w, https:\/\/cocoonamama.fr\/wp-content\/uploads\/2023\/09\/ManonMahaut-1536x1152.jpg 1536w, https:\/\/cocoonamama.fr\/wp-content\/uploads\/2023\/09\/ManonMahaut-2048x1536.jpg 2048w\" sizes=\"(max-width: 767px) 89vw, (max-width: 1000px) 54vw, (max-width: 1071px) 543px, 580px\" \/>\t\t\t\t\t\t<\/div>\n\t\t\t\t\t\n\t\t\t\t\t\t\t\t\t\t<div class=\"elementor-testimonial-details\">\n\t\t\t\t\t\t\t\t\t\t\t\t\t\t<div class=\"elementor-testimonial-name\">Manon<\/div>\n\t\t\t\t\t\t\t\t\t\t\t\t\t\t\t\t\t\t\t\t\t\t<div class=\"elementor-testimonial-job\">Maman de Mahaut<\/div>\n\t\t\t\t\t\t\t\t\t\t\t\t\t<\/div>\n\t\t\t\t\t\t\t\t\t<\/div>\n\t\t\t<\/div>\n\t\t\t\t\t<\/div>\n\t\t\t\t\t\t<\/div>\n\t\t\t\t<\/div>\n\t\t\t\t<div class=\"elementor-element elementor-element-5150e3f elementor--star-style-star_fontawesome elementor-widget elementor-widget-star-rating\" data-id=\"5150e3f\" data-element_type=\"widget\" data-widget_type=\"star-rating.default\">\n\t\t\t\t<div class=\"elementor-widget-container\">\n\t\t\t\t\t\n\t\t<div class=\"elementor-star-rating__wrapper\">\n\t\t\t\t\t\t<div class=\"elementor-star-rating\" title=\"5\/5\" itemtype=\"http:\/\/schema.org\/Rating\" itemscope=\"\" itemprop=\"reviewRating\"><i class=\"elementor-star-full\">&#xE934;<\/i><i class=\"elementor-star-full\">&#xE934;<\/i><i class=\"elementor-star-full\">&#xE934;<\/i><i class=\"elementor-star-full\">&#xE934;<\/i><i class=\"elementor-star-full\">&#xE934;<\/i> <span itemprop=\"ratingValue\" class=\"elementor-screen-only\">5\/5<\/span><\/div>\t\t<\/div>\n\t\t\t\t\t\t<\/div>\n\t\t\t\t<\/div>\n\t\t\t\t<div class=\"elementor-element elementor-element-d7ac96a elementor-widget elementor-widget-testimonial\" data-id=\"d7ac96a\" data-element_type=\"widget\" data-widget_type=\"testimonial.default\">\n\t\t\t\t<div class=\"elementor-widget-container\">\n\t\t\t\t\t\t\t<div class=\"elementor-testimonial-wrapper\">\n\t\t\t\t\t\t\t<div class=\"elementor-testimonial-content\">J'ai eu la chance d'apprendre \u00e0 masser mon b\u00e9b\u00e9 gr\u00e2ce \u00e0 Nathalie en atelier de groupe. Nous avons pass\u00e9 de super moments entre mamans et b\u00e9b\u00e9s, une vraie bulle de bien-\u00eatre, de partage et de connexion avec nos petits bouts de chou ! Merci Nathalie pour ta douceur et ta p\u00e9dagogie !<\/div>\n\t\t\t\n\t\t\t\t\t\t<div class=\"elementor-testimonial-meta elementor-has-image elementor-testimonial-image-position-aside\">\n\t\t\t\t<div class=\"elementor-testimonial-meta-inner\">\n\t\t\t\t\t\t\t\t\t\t\t<div class=\"elementor-testimonial-image\">\n\t\t\t\t\t\t\t<img loading=\"lazy\" decoding=\"async\" width=\"2560\" height=\"1920\" src=\"https:\/\/cocoonamama.fr\/wp-content\/uploads\/2023\/09\/SaliYanis-scaled.jpg\" class=\"attachment-full size-full wp-image-492\" alt=\"\" srcset=\"https:\/\/cocoonamama.fr\/wp-content\/uploads\/2023\/09\/SaliYanis-scaled.jpg 2560w, https:\/\/cocoonamama.fr\/wp-content\/uploads\/2023\/09\/SaliYanis-300x225.jpg 300w, https:\/\/cocoonamama.fr\/wp-content\/uploads\/2023\/09\/SaliYanis-1024x768.jpg 1024w, https:\/\/cocoonamama.fr\/wp-content\/uploads\/2023\/09\/SaliYanis-768x576.jpg 768w, https:\/\/cocoonamama.fr\/wp-content\/uploads\/2023\/09\/SaliYanis-1536x1152.jpg 1536w, https:\/\/cocoonamama.fr\/wp-content\/uploads\/2023\/09\/SaliYanis-2048x1536.jpg 2048w\" sizes=\"(max-width: 767px) 89vw, (max-width: 1000px) 54vw, (max-width: 1071px) 543px, 580px\" \/>\t\t\t\t\t\t<\/div>\n\t\t\t\t\t\n\t\t\t\t\t\t\t\t\t\t<div class=\"elementor-testimonial-details\">\n\t\t\t\t\t\t\t\t\t\t\t\t\t\t<div class=\"elementor-testimonial-name\">Salimata<\/div>\n\t\t\t\t\t\t\t\t\t\t\t\t\t\t\t\t\t\t\t\t\t\t<div class=\"elementor-testimonial-job\">Maman de Yanis<\/div>\n\t\t\t\t\t\t\t\t\t\t\t\t\t<\/div>\n\t\t\t\t\t\t\t\t\t<\/div>\n\t\t\t<\/div>\n\t\t\t\t\t<\/div>\n\t\t\t\t\t\t<\/div>\n\t\t\t\t<\/div>\n\t\t\t\t<div class=\"elementor-element elementor-element-7c765a4 elementor--star-style-star_fontawesome elementor-widget elementor-widget-star-rating\" data-id=\"7c765a4\" data-element_type=\"widget\" data-widget_type=\"star-rating.default\">\n\t\t\t\t<div class=\"elementor-widget-container\">\n\t\t\t\t\t\n\t\t<div class=\"elementor-star-rating__wrapper\">\n\t\t\t\t\t\t<div class=\"elementor-star-rating\" title=\"5\/5\" itemtype=\"http:\/\/schema.org\/Rating\" itemscope=\"\" itemprop=\"reviewRating\"><i class=\"elementor-star-full\">&#xE934;<\/i><i class=\"elementor-star-full\">&#xE934;<\/i><i class=\"elementor-star-full\">&#xE934;<\/i><i class=\"elementor-star-full\">&#xE934;<\/i><i class=\"elementor-star-full\">&#xE934;<\/i> <span itemprop=\"ratingValue\" class=\"elementor-screen-only\">5\/5<\/span><\/div>\t\t<\/div>\n\t\t\t\t\t\t<\/div>\n\t\t\t\t<\/div>\n\t\t\t\t<div class=\"elementor-element elementor-element-a6beaf5 elementor-widget elementor-widget-testimonial\" data-id=\"a6beaf5\" data-element_type=\"widget\" data-widget_type=\"testimonial.default\">\n\t\t\t\t<div class=\"elementor-widget-container\">\n\t\t\t\t\t\t\t<div class=\"elementor-testimonial-wrapper\">\n\t\t\t\t\t\t\t<div class=\"elementor-testimonial-content\">J\u2019ai suivi les cours de yoga pr\u00e9-natal avec Nathalie, cela m\u2019a fait beaucoup de bien, c\u2019\u00e9tait un moment tr\u00e8s doux et ressour\u00e7ant durant la grossesse, Nathalie est tr\u00e8s bienveillante et attentive \u00e0 chacune. Pour ces raisons j\u2019ai eu envie de continuer avec le yoga post-natal, c\u2019\u00e9tait aussi tr\u00e8s agr\u00e9able, permettant de r\u00e9cup\u00e9rer en douceur de l\u2019accouchement.<\/span><\/div>\n\t\t\t\n\t\t\t\t\t\t<div class=\"elementor-testimonial-meta elementor-has-image elementor-testimonial-image-position-aside\">\n\t\t\t\t<div class=\"elementor-testimonial-meta-inner\">\n\t\t\t\t\t\t\t\t\t\t\t<div class=\"elementor-testimonial-image\">\n\t\t\t\t\t\t\t<img loading=\"lazy\" decoding=\"async\" width=\"2560\" height=\"2046\" src=\"https:\/\/cocoonamama.fr\/wp-content\/uploads\/2023\/09\/AliceNora-scaled.jpg\" class=\"attachment-full size-full wp-image-486\" alt=\"\" srcset=\"https:\/\/cocoonamama.fr\/wp-content\/uploads\/2023\/09\/AliceNora-scaled.jpg 2560w, https:\/\/cocoonamama.fr\/wp-content\/uploads\/2023\/09\/AliceNora-300x240.jpg 300w, https:\/\/cocoonamama.fr\/wp-content\/uploads\/2023\/09\/AliceNora-1024x819.jpg 1024w, https:\/\/cocoonamama.fr\/wp-content\/uploads\/2023\/09\/AliceNora-768x614.jpg 768w, https:\/\/cocoonamama.fr\/wp-content\/uploads\/2023\/09\/AliceNora-1536x1228.jpg 1536w, https:\/\/cocoonamama.fr\/wp-content\/uploads\/2023\/09\/AliceNora-2048x1637.jpg 2048w\" sizes=\"(max-width: 767px) 89vw, (max-width: 1000px) 54vw, (max-width: 1071px) 543px, 580px\" \/>\t\t\t\t\t\t<\/div>\n\t\t\t\t\t\n\t\t\t\t\t\t\t\t\t\t<div class=\"elementor-testimonial-details\">\n\t\t\t\t\t\t\t\t\t\t\t\t\t\t<div class=\"elementor-testimonial-name\">Alice<\/div>\n\t\t\t\t\t\t\t\t\t\t\t\t\t\t\t\t\t\t\t\t\t\t<div class=\"elementor-testimonial-job\">Maman de Nora<\/div>\n\t\t\t\t\t\t\t\t\t\t\t\t\t<\/div>\n\t\t\t\t\t\t\t\t\t<\/div>\n\t\t\t<\/div>\n\t\t\t\t\t<\/div>\n\t\t\t\t\t\t<\/div>\n\t\t\t\t<\/div>\n\t\t\t\t<div class=\"elementor-element elementor-element-4d40804 elementor--star-style-star_fontawesome elementor-widget elementor-widget-star-rating\" data-id=\"4d40804\" data-element_type=\"widget\" data-widget_type=\"star-rating.default\">\n\t\t\t\t<div class=\"elementor-widget-container\">\n\t\t\t\t\t\n\t\t<div class=\"elementor-star-rating__wrapper\">\n\t\t\t\t\t\t<div class=\"elementor-star-rating\" title=\"5\/5\" itemtype=\"http:\/\/schema.org\/Rating\" itemscope=\"\" itemprop=\"reviewRating\"><i class=\"elementor-star-full\">&#xE934;<\/i><i class=\"elementor-star-full\">&#xE934;<\/i><i class=\"elementor-star-full\">&#xE934;<\/i><i class=\"elementor-star-full\">&#xE934;<\/i><i class=\"elementor-star-full\">&#xE934;<\/i> <span itemprop=\"ratingValue\" class=\"elementor-screen-only\">5\/5<\/span><\/div>\t\t<\/div>\n\t\t\t\t\t\t<\/div>\n\t\t\t\t<\/div>\n\t\t\t\t<div class=\"elementor-element elementor-element-a160099 elementor-widget elementor-widget-testimonial\" data-id=\"a160099\" data-element_type=\"widget\" data-widget_type=\"testimonial.default\">\n\t\t\t\t<div class=\"elementor-widget-container\">\n\t\t\t\t\t\t\t<div class=\"elementor-testimonial-wrapper\">\n\t\t\t\t\t\t\t<div class=\"elementor-testimonial-content\">\"Superbe exp\u00e9rience avec Nathalie avec qui nous avons fait un bout de chemin gr\u00e2ce au yoga pr\u00e9natal, puis aux ateliers de massage b\u00e9b\u00e9 et de danse avec b\u00e9b\u00e9. Tout cela dans une atmosph\u00e8re extr\u00eamement douce et bienveillante, et au rythme de chacune ! Merci encore. \"<\/div>\n\t\t\t\n\t\t\t\t\t\t<div class=\"elementor-testimonial-meta elementor-has-image elementor-testimonial-image-position-aside\">\n\t\t\t\t<div class=\"elementor-testimonial-meta-inner\">\n\t\t\t\t\t\t\t\t\t\t\t<div class=\"elementor-testimonial-image\">\n\t\t\t\t\t\t\t<img loading=\"lazy\" decoding=\"async\" width=\"768\" height=\"1024\" src=\"https:\/\/cocoonamama.fr\/wp-content\/uploads\/2023\/09\/AurelieJules.jpg\" class=\"attachment-full size-full wp-image-487\" alt=\"\" srcset=\"https:\/\/cocoonamama.fr\/wp-content\/uploads\/2023\/09\/AurelieJules.jpg 768w, https:\/\/cocoonamama.fr\/wp-content\/uploads\/2023\/09\/AurelieJules-225x300.jpg 225w\" sizes=\"(max-width: 767px) 89vw, (max-width: 1000px) 54vw, (max-width: 1071px) 543px, 580px\" \/>\t\t\t\t\t\t<\/div>\n\t\t\t\t\t\n\t\t\t\t\t\t\t\t\t\t<div class=\"elementor-testimonial-details\">\n\t\t\t\t\t\t\t\t\t\t\t\t\t\t<div class=\"elementor-testimonial-name\">Aur\u00e9lie<\/div>\n\t\t\t\t\t\t\t\t\t\t\t\t\t\t\t\t\t\t\t\t\t\t<div class=\"elementor-testimonial-job\">Maman de Jules<\/div>\n\t\t\t\t\t\t\t\t\t\t\t\t\t<\/div>\n\t\t\t\t\t\t\t\t\t<\/div>\n\t\t\t<\/div>\n\t\t\t\t\t<\/div>\n\t\t\t\t\t\t<\/div>\n\t\t\t\t<\/div>\n\t\t\t\t\t<\/div>\n\t\t<\/div>\n\t\t\t\t\t<\/div>\n\t\t<\/section>\n\t\t\t\t<section class=\"elementor-section elementor-top-section elementor-element elementor-element-7fed0aaf elementor-section-content-middle elementor-section-boxed elementor-section-height-default elementor-section-height-default\" data-id=\"7fed0aaf\" data-element_type=\"section\">\n\t\t\t\t\t\t<div class=\"elementor-container elementor-column-gap-no\">\n\t\t\t\t\t<div class=\"elementor-column elementor-col-100 elementor-top-column elementor-element elementor-element-73992703\" data-id=\"73992703\" data-element_type=\"column\">\n\t\t\t<div class=\"elementor-widget-wrap\">\n\t\t\t\t\t\t\t<\/div>\n\t\t<\/div>\n\t\t\t\t\t<\/div>\n\t\t<\/section>\n\t\t\t\t<\/div>\n\t\t","protected":false},"excerpt":{"rendered":"<p>Qu&rsquo;en disent elles ? &#xE934;&#xE934;&#xE934;&#xE934;&#xE934; 5\/5 \u00ab\u00a0Les exp\u00e9riences v\u00e9cues avec Nathalie \u00e0 travers les cours de yoga postnatal et de massage b\u00e9b\u00e9 resteront grav\u00e9s parmi les meilleurs souvenirs de ma p\u00e9riode postnatale\u00a0\u00bb Lucie Maman de L\u00e9o &#xE934;&#xE934;&#xE934;&#xE934;&#xE934; 5\/5 \u00ab\u00a0J&rsquo;ai rencontr\u00e9 Nathalie lors de ma grossesse, car je cherchais \u00e0 faire du yoga pr\u00e9natal, et je &hellip; <\/p>\n<p class=\"link-more\"><a href=\"https:\/\/cocoonamama.fr\/?page_id=481\" class=\"more-link\">Continuer la lecture<span class=\"screen-reader-text\"> de &laquo;&nbsp;AVIS&nbsp;&raquo;<\/span><\/a><\/p>\n","protected":false},"author":1,"featured_media":0,"parent":0,"menu_order":0,"comment_status":"closed","ping_status":"closed","template":"","meta":{"footnotes":""},"class_list":["post-481","page","type-page","status-publish","hentry"],"_links":{"self":[{"href":"https:\/\/cocoonamama.fr\/index.php?rest_route=\/wp\/v2\/pages\/481","targetHints":{"allow":["GET"]}}],"collection":[{"href":"https:\/\/cocoonamama.fr\/index.php?rest_route=\/wp\/v2\/pages"}],"about":[{"href":"https:\/\/cocoonamama.fr\/index.php?rest_route=\/wp\/v2\/types\/page"}],"author":[{"embeddable":true,"href":"https:\/\/cocoonamama.fr\/index.php?rest_route=\/wp\/v2\/users\/1"}],"replies":[{"embeddable":true,"href":"https:\/\/cocoonamama.fr\/index.php?rest_route=%2Fwp%2Fv2%2Fcomments&post=481"}],"version-history":[{"count":13,"href":"https:\/\/cocoonamama.fr\/index.php?rest_route=\/wp\/v2\/pages\/481\/revisions"}],"predecessor-version":[{"id":522,"href":"https:\/\/cocoonamama.fr\/index.php?rest_route=\/wp\/v2\/pages\/481\/revisions\/522"}],"wp:attachment":[{"href":"https:\/\/cocoonamama.fr\/index.php?rest_route=%2Fwp%2Fv2%2Fmedia&parent=481"}],"curies":[{"name":"wp","href":"https:\/\/api.w.org\/{rel}","templated":true}]}}