{"id":418,"date":"2023-09-22T17:16:43","date_gmt":"2023-09-22T15:16:43","guid":{"rendered":"https:\/\/cocoonamama.fr\/?page_id=418"},"modified":"2023-10-04T15:07:54","modified_gmt":"2023-10-04T13:07:54","slug":"accompagnement-parents-enfants","status":"publish","type":"page","link":"https:\/\/cocoonamama.fr\/?page_id=418","title":{"rendered":"ACCOMPAGNEMENT PARENTS ENFANTS"},"content":{"rendered":"\t\t<div data-elementor-type=\"wp-page\" data-elementor-id=\"418\" class=\"elementor elementor-418\">\n\t\t\t\t\t\t<section class=\"elementor-section elementor-top-section elementor-element elementor-element-2d23b22f elementor-section-full_width elementor-section-height-default elementor-section-height-default\" data-id=\"2d23b22f\" data-element_type=\"section\">\n\t\t\t\t\t\t<div class=\"elementor-container elementor-column-gap-no\">\n\t\t\t\t\t<div class=\"elementor-column elementor-col-100 elementor-top-column elementor-element elementor-element-34d396d2\" data-id=\"34d396d2\" data-element_type=\"column\">\n\t\t\t<div class=\"elementor-widget-wrap elementor-element-populated\">\n\t\t\t\t\t\t<div class=\"elementor-element elementor-element-13d51e14 elementor-widget__width-initial elementor-invisible elementor-widget elementor-widget-image\" data-id=\"13d51e14\" data-element_type=\"widget\" data-settings=\"{&quot;_animation&quot;:&quot;fadeInUp&quot;}\" data-widget_type=\"image.default\">\n\t\t\t\t<div class=\"elementor-widget-container\">\n\t\t\t\t\t\t\t\t\t\t\t\t\t\t\t<img fetchpriority=\"high\" decoding=\"async\" width=\"1414\" height=\"2000\" src=\"https:\/\/cocoonamama.fr\/wp-content\/uploads\/2023\/09\/LIEN-ATTACHEMENT-6.png\" class=\"attachment-full size-full wp-image-430\" alt=\"\" srcset=\"https:\/\/cocoonamama.fr\/wp-content\/uploads\/2023\/09\/LIEN-ATTACHEMENT-6.png 1414w, https:\/\/cocoonamama.fr\/wp-content\/uploads\/2023\/09\/LIEN-ATTACHEMENT-6-212x300.png 212w, https:\/\/cocoonamama.fr\/wp-content\/uploads\/2023\/09\/LIEN-ATTACHEMENT-6-724x1024.png 724w, https:\/\/cocoonamama.fr\/wp-content\/uploads\/2023\/09\/LIEN-ATTACHEMENT-6-768x1086.png 768w, https:\/\/cocoonamama.fr\/wp-content\/uploads\/2023\/09\/LIEN-ATTACHEMENT-6-1086x1536.png 1086w\" sizes=\"100vw\" \/>\t\t\t\t\t\t\t\t\t\t\t\t\t\t\t<\/div>\n\t\t\t\t<\/div>\n\t\t\t\t<div class=\"elementor-element elementor-element-7825311c elementor-invisible elementor-widget elementor-widget-heading\" data-id=\"7825311c\" data-element_type=\"widget\" data-settings=\"{&quot;_animation&quot;:&quot;fadeInDown&quot;}\" data-widget_type=\"heading.default\">\n\t\t\t\t<div class=\"elementor-widget-container\">\n\t\t\t\t\t<h1 class=\"elementor-heading-title elementor-size-default\">Tissage du lien<\/h1>\t\t\t\t<\/div>\n\t\t\t\t<\/div>\n\t\t\t\t\t<\/div>\n\t\t<\/div>\n\t\t\t\t\t<\/div>\n\t\t<\/section>\n\t\t\t\t<section class=\"elementor-section elementor-top-section elementor-element elementor-element-4d057973 elementor-section-full_width elementor-section-height-default elementor-section-height-default\" data-id=\"4d057973\" data-element_type=\"section\">\n\t\t\t\t\t\t<div class=\"elementor-container elementor-column-gap-no\">\n\t\t\t\t\t<div class=\"elementor-column elementor-col-50 elementor-top-column elementor-element elementor-element-2ec44a3c elementor-invisible\" data-id=\"2ec44a3c\" data-element_type=\"column\" data-settings=\"{&quot;animation&quot;:&quot;fadeIn&quot;}\">\n\t\t\t<div class=\"elementor-widget-wrap elementor-element-populated\">\n\t\t\t\t\t\t<div class=\"elementor-element elementor-element-8167846 elementor-widget__width-auto elementor-widget-mobile__width-inherit elementor-widget elementor-widget-image\" data-id=\"8167846\" data-element_type=\"widget\" data-widget_type=\"image.default\">\n\t\t\t\t<div class=\"elementor-widget-container\">\n\t\t\t\t\t\t\t\t\t\t\t\t<figure class=\"wp-caption\">\n\t\t\t\t\t\t\t\t\t\t<img decoding=\"async\" width=\"525\" height=\"743\" src=\"https:\/\/cocoonamama.fr\/wp-content\/uploads\/2023\/09\/LIEN-ATTACHEMENT-4-724x1024.png\" class=\"elementor-animation-sink attachment-large size-large wp-image-431\" alt=\"\" srcset=\"https:\/\/cocoonamama.fr\/wp-content\/uploads\/2023\/09\/LIEN-ATTACHEMENT-4-724x1024.png 724w, https:\/\/cocoonamama.fr\/wp-content\/uploads\/2023\/09\/LIEN-ATTACHEMENT-4-212x300.png 212w, https:\/\/cocoonamama.fr\/wp-content\/uploads\/2023\/09\/LIEN-ATTACHEMENT-4-768x1086.png 768w, https:\/\/cocoonamama.fr\/wp-content\/uploads\/2023\/09\/LIEN-ATTACHEMENT-4-1086x1536.png 1086w, https:\/\/cocoonamama.fr\/wp-content\/uploads\/2023\/09\/LIEN-ATTACHEMENT-4.png 1414w\" sizes=\"100vw\" \/>\t\t\t\t\t\t\t\t\t\t\t<figcaption class=\"widget-image-caption wp-caption-text\"><\/figcaption>\n\t\t\t\t\t\t\t\t\t\t<\/figure>\n\t\t\t\t\t\t\t\t\t<\/div>\n\t\t\t\t<\/div>\n\t\t\t\t<div class=\"elementor-element elementor-element-128453f3 elementor-widget elementor-widget-heading\" data-id=\"128453f3\" data-element_type=\"widget\" data-widget_type=\"heading.default\">\n\t\t\t\t<div class=\"elementor-widget-container\">\n\t\t\t\t\t<p class=\"elementor-heading-title elementor-size-default\">R\u00e9confort<\/p>\t\t\t\t<\/div>\n\t\t\t\t<\/div>\n\t\t\t\t\t<\/div>\n\t\t<\/div>\n\t\t\t\t<div class=\"elementor-column elementor-col-50 elementor-top-column elementor-element elementor-element-498f1e4c elementor-invisible\" data-id=\"498f1e4c\" data-element_type=\"column\" data-settings=\"{&quot;animation&quot;:&quot;fadeIn&quot;,&quot;animation_delay&quot;:300}\">\n\t\t\t<div class=\"elementor-widget-wrap elementor-element-populated\">\n\t\t\t\t\t\t<div class=\"elementor-element elementor-element-480a9289 elementor-widget__width-inherit elementor-widget elementor-widget-image\" data-id=\"480a9289\" data-element_type=\"widget\" data-widget_type=\"image.default\">\n\t\t\t\t<div class=\"elementor-widget-container\">\n\t\t\t\t\t\t\t\t\t\t\t\t<figure class=\"wp-caption\">\n\t\t\t\t\t\t\t\t\t\t<img decoding=\"async\" width=\"525\" height=\"743\" src=\"https:\/\/cocoonamama.fr\/wp-content\/uploads\/2023\/09\/LIEN-ATTACHEMENT-1-724x1024.png\" class=\"elementor-animation-sink attachment-large size-large wp-image-429\" alt=\"\" srcset=\"https:\/\/cocoonamama.fr\/wp-content\/uploads\/2023\/09\/LIEN-ATTACHEMENT-1-724x1024.png 724w, https:\/\/cocoonamama.fr\/wp-content\/uploads\/2023\/09\/LIEN-ATTACHEMENT-1-212x300.png 212w, https:\/\/cocoonamama.fr\/wp-content\/uploads\/2023\/09\/LIEN-ATTACHEMENT-1-768x1086.png 768w, https:\/\/cocoonamama.fr\/wp-content\/uploads\/2023\/09\/LIEN-ATTACHEMENT-1-1086x1536.png 1086w, https:\/\/cocoonamama.fr\/wp-content\/uploads\/2023\/09\/LIEN-ATTACHEMENT-1.png 1414w\" sizes=\"100vw\" \/>\t\t\t\t\t\t\t\t\t\t\t<figcaption class=\"widget-image-caption wp-caption-text\"><\/figcaption>\n\t\t\t\t\t\t\t\t\t\t<\/figure>\n\t\t\t\t\t\t\t\t\t<\/div>\n\t\t\t\t<\/div>\n\t\t\t\t<div class=\"elementor-element elementor-element-2e3be004 elementor-widget elementor-widget-heading\" data-id=\"2e3be004\" data-element_type=\"widget\" data-widget_type=\"heading.default\">\n\t\t\t\t<div class=\"elementor-widget-container\">\n\t\t\t\t\t<p class=\"elementor-heading-title elementor-size-default\">Attachement<\/p>\t\t\t\t<\/div>\n\t\t\t\t<\/div>\n\t\t\t\t\t<\/div>\n\t\t<\/div>\n\t\t\t\t\t<\/div>\n\t\t<\/section>\n\t\t\t\t<section class=\"elementor-section elementor-top-section elementor-element elementor-element-382cf38 elementor-section-boxed elementor-section-height-default elementor-section-height-default\" data-id=\"382cf38\" data-element_type=\"section\">\n\t\t\t\t\t\t<div class=\"elementor-container elementor-column-gap-default\">\n\t\t\t\t\t<div class=\"elementor-column elementor-col-100 elementor-top-column elementor-element elementor-element-3cf8344\" data-id=\"3cf8344\" data-element_type=\"column\">\n\t\t\t<div class=\"elementor-widget-wrap\">\n\t\t\t\t\t\t\t<\/div>\n\t\t<\/div>\n\t\t\t\t\t<\/div>\n\t\t<\/section>\n\t\t\t\t<footer class=\"elementor-section elementor-top-section elementor-element elementor-element-30418d93 elementor-section-full_width elementor-section-height-default elementor-section-height-default\" data-id=\"30418d93\" data-element_type=\"section\">\n\t\t\t\t\t\t<div class=\"elementor-container elementor-column-gap-no\">\n\t\t\t\t\t<div class=\"elementor-column elementor-col-100 elementor-top-column elementor-element elementor-element-2d529a42\" data-id=\"2d529a42\" data-element_type=\"column\">\n\t\t\t<div class=\"elementor-widget-wrap elementor-element-populated\">\n\t\t\t\t\t\t<div class=\"elementor-element elementor-element-43c3043 elementor-widget elementor-widget-heading\" data-id=\"43c3043\" data-element_type=\"widget\" data-widget_type=\"heading.default\">\n\t\t\t\t<div class=\"elementor-widget-container\">\n\t\t\t\t\t<h2 class=\"elementor-heading-title elementor-size-default\"><span style=\"color: var( --e-global-color-primary );font-family: var( --e-global-typography-primary-font-family ), Sans-serif;font-size: 1.625rem;font-weight: var( --e-global-typography-primary-font-weight )\">BEBE EST ARRIVE ...<\/span><\/h2>\t\t\t\t<\/div>\n\t\t\t\t<\/div>\n\t\t\t\t<div class=\"elementor-element elementor-element-765344f elementor-widget elementor-widget-image\" data-id=\"765344f\" data-element_type=\"widget\" data-widget_type=\"image.default\">\n\t\t\t\t<div class=\"elementor-widget-container\">\n\t\t\t\t\t\t\t\t\t\t\t\t\t\t\t<img loading=\"lazy\" decoding=\"async\" width=\"525\" height=\"743\" src=\"https:\/\/cocoonamama.fr\/wp-content\/uploads\/2023\/09\/LIEN-ATTACHEMENT-7-724x1024.png\" class=\"attachment-large size-large wp-image-449\" alt=\"\" srcset=\"https:\/\/cocoonamama.fr\/wp-content\/uploads\/2023\/09\/LIEN-ATTACHEMENT-7-724x1024.png 724w, https:\/\/cocoonamama.fr\/wp-content\/uploads\/2023\/09\/LIEN-ATTACHEMENT-7-212x300.png 212w, https:\/\/cocoonamama.fr\/wp-content\/uploads\/2023\/09\/LIEN-ATTACHEMENT-7-768x1086.png 768w, https:\/\/cocoonamama.fr\/wp-content\/uploads\/2023\/09\/LIEN-ATTACHEMENT-7-1086x1536.png 1086w, https:\/\/cocoonamama.fr\/wp-content\/uploads\/2023\/09\/LIEN-ATTACHEMENT-7.png 1414w\" sizes=\"100vw\" \/>\t\t\t\t\t\t\t\t\t\t\t\t\t\t\t<\/div>\n\t\t\t\t<\/div>\n\t\t\t\t<div class=\"elementor-element elementor-element-486dd73 elementor-widget elementor-widget-text-editor\" data-id=\"486dd73\" data-element_type=\"widget\" data-widget_type=\"text-editor.default\">\n\t\t\t\t<div class=\"elementor-widget-container\">\n\t\t\t\t\t\t\t\t\t<p>Votre b\u00e9b\u00e9 tant attendu est enfin arriv\u00e9 \u00e0 la maison, mais vous n&rsquo;avez pas le mode d&#8217;emploi.<\/p>\n<p>C&rsquo;est tout \u00e0 fait normal de se sentir d\u00e9sempar\u00e9 en tant que parent d&rsquo;un nouveau n\u00e9. Face aux pleurs, \u00e0 l&rsquo;inconnu de ce nouveau r\u00f4le et au manque de sommeil, le syst\u00e8me nerveux peut ne pas r\u00e9ussir \u00e0 g\u00e9rer.<\/p>\n<p>Avoir une aide ext\u00e9rieure ponctuelle et neutre afin de vous soutenir peut \u00eatre salutaire pour vous et votre famille.<\/p>\n<p>Je vous propose ce soutien et un espace pour vous pauser, reprendre force et confiance afin de repartir avec une \u00e9nergie nouvelle pour savourer pleinement cette vie de famille heureuse qui vous attend.<\/p>\n<p>C&rsquo;est avec toute ma bienveillance que je vous propose des s\u00e9ances de 30 \u00e0 60mn en zoom pour prendre contact, \u00e9changer, vous apporter des cl\u00e9s et un sas de d\u00e9compression.<\/p>\n<p><strong>Tarifs<\/strong>&nbsp;:<\/p>\n<p>30 \u20ac pour un rendez-vous de 30 mn<br><span style=\"color: var( --e-global-color-text ); font-family: var( --e-global-typography-text-font-family ), Sans-serif; font-weight: var( --e-global-typography-text-font-weight ); font-size: 1rem;\">60 \u20ac pour un rendez-vous de 60 mn<\/span><\/p><p><span style=\"color: var( --e-global-color-text ); font-family: var( --e-global-typography-text-font-family ), Sans-serif; font-weight: var( --e-global-typography-text-font-weight ); font-size: 1rem;\"><br><\/span><\/p>\n<p><strong><span style=\"color: var( --e-global-color-text ); font-family: var( --e-global-typography-text-font-family ), Sans-serif; font-size: 1rem;\">Comment prendre rdv ?<\/span><\/strong><\/p>\n<p>Vous trouverez mes coordonn\u00e9es sur la page CONTACT.&nbsp;<br>N&rsquo;h\u00e9sitez pas \u00e0 m&rsquo;envoyer un SMS,&nbsp; je fais mon possible pour vous r\u00e9pondre rapidement.<br><\/p>\t\t\t\t\t\t\t\t<\/div>\n\t\t\t\t<\/div>\n\t\t\t\t<div class=\"elementor-element elementor-element-087c114 elementor-widget-divider--view-line elementor-widget elementor-widget-divider\" data-id=\"087c114\" data-element_type=\"widget\" data-widget_type=\"divider.default\">\n\t\t\t\t<div class=\"elementor-widget-container\">\n\t\t\t\t\t\t\t<div class=\"elementor-divider\">\n\t\t\t<span class=\"elementor-divider-separator\">\n\t\t\t\t\t\t<\/span>\n\t\t<\/div>\n\t\t\t\t\t\t<\/div>\n\t\t\t\t<\/div>\n\t\t\t\t\t<\/div>\n\t\t<\/div>\n\t\t\t\t\t<\/div>\n\t\t<\/footer>\n\t\t\t\t<section class=\"elementor-section elementor-top-section elementor-element elementor-element-8a492de elementor-section-boxed elementor-section-height-default elementor-section-height-default\" data-id=\"8a492de\" data-element_type=\"section\">\n\t\t\t\t\t\t<div class=\"elementor-container elementor-column-gap-default\">\n\t\t\t\t\t<div class=\"elementor-column elementor-col-100 elementor-top-column elementor-element elementor-element-ecdac8d\" data-id=\"ecdac8d\" data-element_type=\"column\">\n\t\t\t<div class=\"elementor-widget-wrap elementor-element-populated\">\n\t\t\t\t\t\t<div class=\"elementor-element elementor-element-d04ab7c elementor-widget elementor-widget-heading\" data-id=\"d04ab7c\" data-element_type=\"widget\" data-widget_type=\"heading.default\">\n\t\t\t\t<div class=\"elementor-widget-container\">\n\t\t\t\t\t<h2 class=\"elementor-heading-title elementor-size-default\">Enfants de 3 \u00e0 6-7 ans : YOGA PARENTS-ENFANTS<br><\/h2>\t\t\t\t<\/div>\n\t\t\t\t<\/div>\n\t\t\t\t<div class=\"elementor-element elementor-element-b1796fc elementor-widget elementor-widget-text-editor\" data-id=\"b1796fc\" data-element_type=\"widget\" data-widget_type=\"text-editor.default\">\n\t\t\t\t<div class=\"elementor-widget-container\">\n\t\t\t\t\t\t\t\t\t<p>Je vous propose des <strong>ateliers de yoga parents-enfants<\/strong> \u00e0 votre domicile.\u00a0<br \/><span style=\"color: var( --e-global-color-text ); font-family: var( --e-global-typography-text-font-family ), Sans-serif; font-weight: var( --e-global-typography-text-font-weight ); font-size: 1rem;\">Ces s\u00e9ances vont vous permettre de :\u00a0<\/span><\/p><ul><li>Consolider votre lien pendant ce temps qui vous est d\u00e9di\u00e9\u00a0<\/li><li>Partager des moments de complicit\u00e9\u00a0<\/li><li>Prendre un temps pour \u00e9couter votre corps\u00a0\u00a0<\/li><li>Augmenter la capacit\u00e9 de concentration<\/li><li>Augmenter la confiance en soi\u00a0<\/li><li>Stimuler, renforcer, assouplir votre corps<\/li><li>Apporter calme et bien \u00eatre<\/li><\/ul><div><strong>Dur\u00e9e des s\u00e9ances<\/strong> : 50 mn<br \/><strong>Tarif<\/strong> : 50 \u20ac<br \/>Pour prendre contact vous trouverez mes coordonn\u00e9es sur la page CONTACT.\u00a0<\/div><div>N&rsquo;h\u00e9sitez pas,\u00a0 je fais mon possible pour vous r\u00e9pondre rapidement.<\/div>\t\t\t\t\t\t\t\t<\/div>\n\t\t\t\t<\/div>\n\t\t\t\t\t<\/div>\n\t\t<\/div>\n\t\t\t\t\t<\/div>\n\t\t<\/section>\n\t\t\t\t<\/div>\n\t\t","protected":false},"excerpt":{"rendered":"<p>Tissage du lien R\u00e9confort Attachement BEBE EST ARRIVE &#8230; Votre b\u00e9b\u00e9 tant attendu est enfin arriv\u00e9 \u00e0 la maison, mais vous n&rsquo;avez pas le mode d&#8217;emploi. C&rsquo;est tout \u00e0 fait normal de se sentir d\u00e9sempar\u00e9 en tant que parent d&rsquo;un nouveau n\u00e9. Face aux pleurs, \u00e0 l&rsquo;inconnu de ce nouveau r\u00f4le et au manque de &hellip; <\/p>\n<p class=\"link-more\"><a href=\"https:\/\/cocoonamama.fr\/?page_id=418\" class=\"more-link\">Continuer la lecture<span class=\"screen-reader-text\"> de &laquo;&nbsp;ACCOMPAGNEMENT PARENTS ENFANTS&nbsp;&raquo;<\/span><\/a><\/p>\n","protected":false},"author":1,"featured_media":0,"parent":0,"menu_order":0,"comment_status":"closed","ping_status":"closed","template":"","meta":{"footnotes":""},"class_list":["post-418","page","type-page","status-publish","hentry"],"_links":{"self":[{"href":"https:\/\/cocoonamama.fr\/index.php?rest_route=\/wp\/v2\/pages\/418","targetHints":{"allow":["GET"]}}],"collection":[{"href":"https:\/\/cocoonamama.fr\/index.php?rest_route=\/wp\/v2\/pages"}],"about":[{"href":"https:\/\/cocoonamama.fr\/index.php?rest_route=\/wp\/v2\/types\/page"}],"author":[{"embeddable":true,"href":"https:\/\/cocoonamama.fr\/index.php?rest_route=\/wp\/v2\/users\/1"}],"replies":[{"embeddable":true,"href":"https:\/\/cocoonamama.fr\/index.php?rest_route=%2Fwp%2Fv2%2Fcomments&post=418"}],"version-history":[{"count":48,"href":"https:\/\/cocoonamama.fr\/index.php?rest_route=\/wp\/v2\/pages\/418\/revisions"}],"predecessor-version":[{"id":680,"href":"https:\/\/cocoonamama.fr\/index.php?rest_route=\/wp\/v2\/pages\/418\/revisions\/680"}],"wp:attachment":[{"href":"https:\/\/cocoonamama.fr\/index.php?rest_route=%2Fwp%2Fv2%2Fmedia&parent=418"}],"curies":[{"name":"wp","href":"https:\/\/api.w.org\/{rel}","templated":true}]}}