{"id":365,"date":"2023-09-21T18:25:11","date_gmt":"2023-09-21T16:25:11","guid":{"rendered":"https:\/\/cocoonamama.fr\/?page_id=365"},"modified":"2023-10-02T16:53:00","modified_gmt":"2023-10-02T14:53:00","slug":"mentions-legales","status":"publish","type":"page","link":"https:\/\/cocoonamama.fr\/?page_id=365","title":{"rendered":"MENTIONS L\u00c9GALES"},"content":{"rendered":"\t\t<div data-elementor-type=\"wp-page\" data-elementor-id=\"365\" class=\"elementor elementor-365\">\n\t\t\t\t\t\t<section class=\"elementor-section elementor-top-section elementor-element elementor-element-256bcaaf elementor-section-boxed elementor-section-height-default elementor-section-height-default\" data-id=\"256bcaaf\" data-element_type=\"section\">\n\t\t\t\t\t\t<div class=\"elementor-container elementor-column-gap-default\">\n\t\t\t\t\t<div class=\"elementor-column elementor-col-100 elementor-top-column elementor-element elementor-element-dfa26f8\" data-id=\"dfa26f8\" data-element_type=\"column\">\n\t\t\t<div class=\"elementor-widget-wrap elementor-element-populated\">\n\t\t\t\t\t\t<div class=\"elementor-element elementor-element-951d584 elementor-invisible elementor-widget elementor-widget-image\" data-id=\"951d584\" data-element_type=\"widget\" data-settings=\"{&quot;_animation&quot;:&quot;fadeIn&quot;}\" data-widget_type=\"image.default\">\n\t\t\t\t<div class=\"elementor-widget-container\">\n\t\t\t\t\t\t\t\t\t\t\t\t\t\t\t<img decoding=\"async\" width=\"150\" height=\"150\" src=\"https:\/\/cocoonamama.fr\/wp-content\/uploads\/2023\/09\/LOGO_Cocoonamama_FondTransparent-150x150.png\" class=\"attachment-thumbnail size-thumbnail wp-image-371\" alt=\"\" srcset=\"https:\/\/cocoonamama.fr\/wp-content\/uploads\/2023\/09\/LOGO_Cocoonamama_FondTransparent-150x150.png 150w, https:\/\/cocoonamama.fr\/wp-content\/uploads\/2023\/09\/LOGO_Cocoonamama_FondTransparent-300x300.png 300w, https:\/\/cocoonamama.fr\/wp-content\/uploads\/2023\/09\/LOGO_Cocoonamama_FondTransparent-100x100.png 100w, https:\/\/cocoonamama.fr\/wp-content\/uploads\/2023\/09\/LOGO_Cocoonamama_FondTransparent.png 500w\" sizes=\"100vw\" \/>\t\t\t\t\t\t\t\t\t\t\t\t\t\t\t<\/div>\n\t\t\t\t<\/div>\n\t\t\t\t<div class=\"elementor-element elementor-element-261b24ee elementor-widget elementor-widget-text-editor\" data-id=\"261b24ee\" data-element_type=\"widget\" data-widget_type=\"text-editor.default\">\n\t\t\t\t<div class=\"elementor-widget-container\">\n\t\t\t\t\t\t\t\t\t<p><\/p>\n<p><b>Cocoonamama<\/b> \u2013 Accompagnement p\u00e9rinatal<\/p>\n<p><\/p>\n<p><\/p>\n<p>Nathalie ROBINE<br><span style=\"color: var( --e-global-color-text ); font-family: var( --e-global-typography-text-font-family ), Sans-serif; font-weight: var( --e-global-typography-text-font-weight ); font-size: 1rem;\">77 QUAI DU PECQ <br>78500 SARTROUVILLE<br>Tel . : 06 22 45 74 91<br>Email. : contact@cocoonamama.fr<\/span><\/p>\n<p><span style=\"color: var( --e-global-color-text ); font-family: var( --e-global-typography-text-font-family ), Sans-serif; font-weight: var( --e-global-typography-text-font-weight ); font-size: 1rem;\">Auto-entrepreneur<br><\/span><span style=\"color: var( --e-global-color-text ); font-family: var( --e-global-typography-text-font-family ), Sans-serif; font-weight: var( --e-global-typography-text-font-weight ); font-size: 1rem;\">SIRET : 851 744 102 00027<\/span><\/p>\n<p><span style=\"color: var( --e-global-color-text ); font-family: var( --e-global-typography-text-font-family ), Sans-serif; font-weight: var( --e-global-typography-text-font-weight ); font-size: 1rem;\">TVA non applicable, article 293B du code g\u00e9n\u00e9ral des imp\u00f4ts<\/span><\/p>\n<p><\/p>\n<p><\/p>\n<p><strong>Prestataire d&rsquo;h\u00e9bergement :&nbsp;<\/strong><\/p>\n<p><\/p>\n<p><\/p>\n<p>Site h\u00e9berg\u00e9 par OVH SAS<br><span style=\"color: var( --e-global-color-text ); font-family: var( --e-global-typography-text-font-family ), Sans-serif; font-weight: var( --e-global-typography-text-font-weight ); font-size: 1rem;\">2, rue Kellermann, <br>59100 Roubaix FRANCE<\/span><\/p>\n<p>RCS 537 407 926<\/p>\n<p><\/p>\n<p><\/p>\n<p><strong>D\u00e9veloppement Web :<\/strong><\/p>\n<p><\/p>\n<p><\/p>\n<p>Nathalie ROBINE<\/p>\n<p><\/p>\t\t\t\t\t\t\t\t<\/div>\n\t\t\t\t<\/div>\n\t\t\t\t\t<\/div>\n\t\t<\/div>\n\t\t\t\t\t<\/div>\n\t\t<\/section>\n\t\t\t\t<\/div>\n\t\t","protected":false},"excerpt":{"rendered":"<p>Cocoonamama \u2013 Accompagnement p\u00e9rinatal Nathalie ROBINE77 QUAI DU PECQ 78500 SARTROUVILLETel . : 06 22 45 74 91Email. : contact@cocoonamama.fr Auto-entrepreneurSIRET : 851 744 102 00027 TVA non applicable, article 293B du code g\u00e9n\u00e9ral des imp\u00f4ts Prestataire d&rsquo;h\u00e9bergement :&nbsp; Site h\u00e9berg\u00e9 par OVH SAS2, rue Kellermann, 59100 Roubaix FRANCE RCS 537 407 926 D\u00e9veloppement Web &hellip; <\/p>\n<p class=\"link-more\"><a href=\"https:\/\/cocoonamama.fr\/?page_id=365\" class=\"more-link\">Continuer la lecture<span class=\"screen-reader-text\"> de &laquo;&nbsp;MENTIONS L\u00c9GALES&nbsp;&raquo;<\/span><\/a><\/p>\n","protected":false},"author":1,"featured_media":0,"parent":0,"menu_order":0,"comment_status":"closed","ping_status":"closed","template":"","meta":{"footnotes":""},"class_list":["post-365","page","type-page","status-publish","hentry"],"_links":{"self":[{"href":"https:\/\/cocoonamama.fr\/index.php?rest_route=\/wp\/v2\/pages\/365","targetHints":{"allow":["GET"]}}],"collection":[{"href":"https:\/\/cocoonamama.fr\/index.php?rest_route=\/wp\/v2\/pages"}],"about":[{"href":"https:\/\/cocoonamama.fr\/index.php?rest_route=\/wp\/v2\/types\/page"}],"author":[{"embeddable":true,"href":"https:\/\/cocoonamama.fr\/index.php?rest_route=\/wp\/v2\/users\/1"}],"replies":[{"embeddable":true,"href":"https:\/\/cocoonamama.fr\/index.php?rest_route=%2Fwp%2Fv2%2Fcomments&post=365"}],"version-history":[{"count":10,"href":"https:\/\/cocoonamama.fr\/index.php?rest_route=\/wp\/v2\/pages\/365\/revisions"}],"predecessor-version":[{"id":528,"href":"https:\/\/cocoonamama.fr\/index.php?rest_route=\/wp\/v2\/pages\/365\/revisions\/528"}],"wp:attachment":[{"href":"https:\/\/cocoonamama.fr\/index.php?rest_route=%2Fwp%2Fv2%2Fmedia&parent=365"}],"curies":[{"name":"wp","href":"https:\/\/api.w.org\/{rel}","templated":true}]}}