{"id":320,"date":"2023-09-21T15:44:34","date_gmt":"2023-09-21T13:44:34","guid":{"rendered":"https:\/\/cocoonamama.fr\/?page_id=320"},"modified":"2024-05-28T18:43:07","modified_gmt":"2024-05-28T16:43:07","slug":"contact","status":"publish","type":"page","link":"https:\/\/cocoonamama.fr\/?page_id=320","title":{"rendered":"CONTACT"},"content":{"rendered":"\t\t<div data-elementor-type=\"wp-page\" data-elementor-id=\"320\" class=\"elementor elementor-320\">\n\t\t\t\t\t\t<section class=\"elementor-section elementor-top-section elementor-element elementor-element-4b0053b elementor-section-boxed elementor-section-height-default elementor-section-height-default\" data-id=\"4b0053b\" data-element_type=\"section\">\n\t\t\t\t\t\t<div class=\"elementor-container elementor-column-gap-default\">\n\t\t\t\t\t<div class=\"elementor-column elementor-col-100 elementor-top-column elementor-element elementor-element-779302d\" data-id=\"779302d\" data-element_type=\"column\">\n\t\t\t<div class=\"elementor-widget-wrap elementor-element-populated\">\n\t\t\t\t\t\t<div class=\"elementor-element elementor-element-3aefe6d elementor-widget elementor-widget-text-editor\" data-id=\"3aefe6d\" data-element_type=\"widget\" data-widget_type=\"text-editor.default\">\n\t\t\t\t<div class=\"elementor-widget-container\">\n\t\t\t\t\t\t\t\t\t<p>N&rsquo;h\u00e9sitez pas \u00e0 m&rsquo;envoyer un message pour toute question ou inscription \u00e0 un des cours.&nbsp;<\/p>\n<p><br><\/p>\t\t\t\t\t\t\t\t<\/div>\n\t\t\t\t<\/div>\n\t\t\t\t\t<\/div>\n\t\t<\/div>\n\t\t\t\t\t<\/div>\n\t\t<\/section>\n\t\t\t\t<section class=\"elementor-section elementor-top-section elementor-element elementor-element-f81aee2 elementor-section-boxed elementor-section-height-default elementor-section-height-default\" data-id=\"f81aee2\" data-element_type=\"section\">\n\t\t\t\t\t\t<div class=\"elementor-container elementor-column-gap-default\">\n\t\t\t\t\t<div class=\"elementor-column elementor-col-100 elementor-top-column elementor-element elementor-element-dbb61a1\" data-id=\"dbb61a1\" data-element_type=\"column\">\n\t\t\t<div class=\"elementor-widget-wrap elementor-element-populated\">\n\t\t\t\t\t\t<div class=\"elementor-element elementor-element-8bfc02d elementor-widget elementor-widget-image\" data-id=\"8bfc02d\" data-element_type=\"widget\" data-widget_type=\"image.default\">\n\t\t\t\t<div class=\"elementor-widget-container\">\n\t\t\t\t\t\t\t\t\t\t\t\t\t\t\t<img fetchpriority=\"high\" decoding=\"async\" width=\"525\" height=\"420\" src=\"https:\/\/cocoonamama.fr\/wp-content\/uploads\/2024\/05\/Contact-3-1024x819.png\" class=\"attachment-large size-large wp-image-664\" alt=\"\" srcset=\"https:\/\/cocoonamama.fr\/wp-content\/uploads\/2024\/05\/Contact-3-1024x819.png 1024w, https:\/\/cocoonamama.fr\/wp-content\/uploads\/2024\/05\/Contact-3-300x240.png 300w, https:\/\/cocoonamama.fr\/wp-content\/uploads\/2024\/05\/Contact-3-768x614.png 768w, https:\/\/cocoonamama.fr\/wp-content\/uploads\/2024\/05\/Contact-3-1536x1229.png 1536w, https:\/\/cocoonamama.fr\/wp-content\/uploads\/2024\/05\/Contact-3.png 2000w\" sizes=\"100vw\" \/>\t\t\t\t\t\t\t\t\t\t\t\t\t\t\t<\/div>\n\t\t\t\t<\/div>\n\t\t\t\t\t<\/div>\n\t\t<\/div>\n\t\t\t\t\t<\/div>\n\t\t<\/section>\n\t\t\t\t<\/div>\n\t\t","protected":false},"excerpt":{"rendered":"<p>N&rsquo;h\u00e9sitez pas \u00e0 m&rsquo;envoyer un message pour toute question ou inscription \u00e0 un des cours.&nbsp;<\/p>\n","protected":false},"author":1,"featured_media":0,"parent":0,"menu_order":0,"comment_status":"closed","ping_status":"closed","template":"","meta":{"footnotes":""},"class_list":["post-320","page","type-page","status-publish","hentry"],"_links":{"self":[{"href":"https:\/\/cocoonamama.fr\/index.php?rest_route=\/wp\/v2\/pages\/320","targetHints":{"allow":["GET"]}}],"collection":[{"href":"https:\/\/cocoonamama.fr\/index.php?rest_route=\/wp\/v2\/pages"}],"about":[{"href":"https:\/\/cocoonamama.fr\/index.php?rest_route=\/wp\/v2\/types\/page"}],"author":[{"embeddable":true,"href":"https:\/\/cocoonamama.fr\/index.php?rest_route=\/wp\/v2\/users\/1"}],"replies":[{"embeddable":true,"href":"https:\/\/cocoonamama.fr\/index.php?rest_route=%2Fwp%2Fv2%2Fcomments&post=320"}],"version-history":[{"count":10,"href":"https:\/\/cocoonamama.fr\/index.php?rest_route=\/wp\/v2\/pages\/320\/revisions"}],"predecessor-version":[{"id":667,"href":"https:\/\/cocoonamama.fr\/index.php?rest_route=\/wp\/v2\/pages\/320\/revisions\/667"}],"wp:attachment":[{"href":"https:\/\/cocoonamama.fr\/index.php?rest_route=%2Fwp%2Fv2%2Fmedia&parent=320"}],"curies":[{"name":"wp","href":"https:\/\/api.w.org\/{rel}","templated":true}]}}