{"id":286,"date":"2023-09-19T15:21:17","date_gmt":"2023-09-19T13:21:17","guid":{"rendered":"https:\/\/cocoonamama.fr\/?page_id=286"},"modified":"2024-09-13T16:44:40","modified_gmt":"2024-09-13T14:44:40","slug":"danse-maman-bebe","status":"publish","type":"page","link":"https:\/\/cocoonamama.fr\/?page_id=286","title":{"rendered":"DANSE MAMAN BEBE"},"content":{"rendered":"<style>\/*! elementor - v3.16.0 - 14-09-2023 *\/\n.elementor-widget-image{text-align:center}.elementor-widget-image a{display:inline-block}.elementor-widget-image a img[src$=\".svg\"]{width:48px}.elementor-widget-image img{vertical-align:middle;display:inline-block}<\/style>\n<p>\t\t\t\t\t\t\t\t\t\t\t\t<img loading=\"lazy\" decoding=\"async\" width=\"525\" height=\"525\" src=\"http:\/\/cocoonamama.fr\/wp-content\/uploads\/2023\/09\/Danse-Maman-BB-2-1024x1024.jpg\" alt=\"\" loading=\"lazy\" srcset=\"https:\/\/cocoonamama.fr\/wp-content\/uploads\/2023\/09\/Danse-Maman-BB-2-1024x1024.jpg 1024w, https:\/\/cocoonamama.fr\/wp-content\/uploads\/2023\/09\/Danse-Maman-BB-2-300x300.jpg 300w, https:\/\/cocoonamama.fr\/wp-content\/uploads\/2023\/09\/Danse-Maman-BB-2-150x150.jpg 150w, https:\/\/cocoonamama.fr\/wp-content\/uploads\/2023\/09\/Danse-Maman-BB-2-768x768.jpg 768w, https:\/\/cocoonamama.fr\/wp-content\/uploads\/2023\/09\/Danse-Maman-BB-2-100x100.jpg 100w, https:\/\/cocoonamama.fr\/wp-content\/uploads\/2023\/09\/Danse-Maman-BB-2.jpg 1080w\" sizes=\"auto, 100vw\" \/>\t\t\t\t\t\t\t\t\t\t\t\t\t\t\t<\/p>\n<style>\/*! elementor - v3.16.0 - 14-09-2023 *\/\n.elementor-heading-title{padding:0;margin:0;line-height:1}.elementor-widget-heading .elementor-heading-title[class*=elementor-size-]>a{color:inherit;font-size:inherit;line-height:inherit}.elementor-widget-heading .elementor-heading-title.elementor-size-small{font-size:15px}.elementor-widget-heading .elementor-heading-title.elementor-size-medium{font-size:19px}.elementor-widget-heading .elementor-heading-title.elementor-size-large{font-size:29px}.elementor-widget-heading .elementor-heading-title.elementor-size-xl{font-size:39px}.elementor-widget-heading .elementor-heading-title.elementor-size-xxl{font-size:59px}<\/style>\n<h1>DANSE MAMAN BEBE<\/h1>\n<figure>\n\t\t\t\t\t\t\t\t\t\t<img loading=\"lazy\" decoding=\"async\" width=\"525\" height=\"525\" src=\"http:\/\/cocoonamama.fr\/wp-content\/uploads\/2023\/09\/Danse-Maman-BB-1024x1024.jpg\" alt=\"\" loading=\"lazy\" srcset=\"https:\/\/cocoonamama.fr\/wp-content\/uploads\/2023\/09\/Danse-Maman-BB-1024x1024.jpg 1024w, https:\/\/cocoonamama.fr\/wp-content\/uploads\/2023\/09\/Danse-Maman-BB-300x300.jpg 300w, https:\/\/cocoonamama.fr\/wp-content\/uploads\/2023\/09\/Danse-Maman-BB-150x150.jpg 150w, https:\/\/cocoonamama.fr\/wp-content\/uploads\/2023\/09\/Danse-Maman-BB-768x768.jpg 768w, https:\/\/cocoonamama.fr\/wp-content\/uploads\/2023\/09\/Danse-Maman-BB-100x100.jpg 100w, https:\/\/cocoonamama.fr\/wp-content\/uploads\/2023\/09\/Danse-Maman-BB.jpg 1080w\" sizes=\"auto, 100vw\" \/><figcaption><\/figcaption><\/figure>\n<p>APAISE<\/p>\n<figure>\n\t\t\t\t\t\t\t\t\t\t<img loading=\"lazy\" decoding=\"async\" width=\"525\" height=\"743\" src=\"http:\/\/cocoonamama.fr\/wp-content\/uploads\/2023\/09\/BABY_Maman_MasseMoi-1-724x1024.jpg\" alt=\"\" loading=\"lazy\" srcset=\"https:\/\/cocoonamama.fr\/wp-content\/uploads\/2023\/09\/BABY_Maman_MasseMoi-1-724x1024.jpg 724w, https:\/\/cocoonamama.fr\/wp-content\/uploads\/2023\/09\/BABY_Maman_MasseMoi-1-212x300.jpg 212w, https:\/\/cocoonamama.fr\/wp-content\/uploads\/2023\/09\/BABY_Maman_MasseMoi-1-768x1086.jpg 768w, https:\/\/cocoonamama.fr\/wp-content\/uploads\/2023\/09\/BABY_Maman_MasseMoi-1-1086x1536.jpg 1086w, https:\/\/cocoonamama.fr\/wp-content\/uploads\/2023\/09\/BABY_Maman_MasseMoi-1.jpg 1414w\" sizes=\"auto, 100vw\" \/><figcaption><\/figcaption><\/figure>\n<p>STIMULE<\/p>\n<figure>\n\t\t\t\t\t\t\t\t\t\t<img loading=\"lazy\" decoding=\"async\" width=\"525\" height=\"420\" src=\"http:\/\/cocoonamama.fr\/wp-content\/uploads\/2023\/09\/HAPPY-BABY-1024x819.jpg\" alt=\"\" loading=\"lazy\" srcset=\"https:\/\/cocoonamama.fr\/wp-content\/uploads\/2023\/09\/HAPPY-BABY-1024x819.jpg 1024w, https:\/\/cocoonamama.fr\/wp-content\/uploads\/2023\/09\/HAPPY-BABY-300x240.jpg 300w, https:\/\/cocoonamama.fr\/wp-content\/uploads\/2023\/09\/HAPPY-BABY-768x614.jpg 768w, https:\/\/cocoonamama.fr\/wp-content\/uploads\/2023\/09\/HAPPY-BABY-1536x1229.jpg 1536w, https:\/\/cocoonamama.fr\/wp-content\/uploads\/2023\/09\/HAPPY-BABY.jpg 2000w\" sizes=\"auto, 100vw\" \/><figcaption><\/figcaption><\/figure>\n<p>FUN <\/p>\n<figure>\n\t\t\t\t\t\t\t\t\t\t<img loading=\"lazy\" decoding=\"async\" width=\"525\" height=\"525\" src=\"http:\/\/cocoonamama.fr\/wp-content\/uploads\/2023\/09\/Lien-parent-BB-1024x1024.jpg\" alt=\"\" loading=\"lazy\" srcset=\"https:\/\/cocoonamama.fr\/wp-content\/uploads\/2023\/09\/Lien-parent-BB-1024x1024.jpg 1024w, https:\/\/cocoonamama.fr\/wp-content\/uploads\/2023\/09\/Lien-parent-BB-300x300.jpg 300w, https:\/\/cocoonamama.fr\/wp-content\/uploads\/2023\/09\/Lien-parent-BB-150x150.jpg 150w, https:\/\/cocoonamama.fr\/wp-content\/uploads\/2023\/09\/Lien-parent-BB-768x768.jpg 768w, https:\/\/cocoonamama.fr\/wp-content\/uploads\/2023\/09\/Lien-parent-BB-100x100.jpg 100w, https:\/\/cocoonamama.fr\/wp-content\/uploads\/2023\/09\/Lien-parent-BB.jpg 1080w\" sizes=\"auto, 100vw\" \/><figcaption><\/figcaption><\/figure>\n<p>RENFORCE LE LIEN<\/p>\n<figure>\n\t\t\t\t\t\t\t\t\t\t<img loading=\"lazy\" decoding=\"async\" width=\"1366\" height=\"768\" src=\"http:\/\/cocoonamama.fr\/wp-content\/uploads\/2023\/09\/MAMAN_BEBE.png\" alt=\"\" loading=\"lazy\" srcset=\"https:\/\/cocoonamama.fr\/wp-content\/uploads\/2023\/09\/MAMAN_BEBE.png 1366w, https:\/\/cocoonamama.fr\/wp-content\/uploads\/2023\/09\/MAMAN_BEBE-300x169.png 300w, https:\/\/cocoonamama.fr\/wp-content\/uploads\/2023\/09\/MAMAN_BEBE-1024x576.png 1024w, https:\/\/cocoonamama.fr\/wp-content\/uploads\/2023\/09\/MAMAN_BEBE-768x432.png 768w\" sizes=\"auto, 100vw\" \/><figcaption><\/figcaption><\/figure>\n<p>JOIE<\/p>\n<style>\/*! elementor - v3.16.0 - 14-09-2023 *\/\n.elementor-widget-divider{--divider-border-style:none;--divider-border-width:1px;--divider-color:#0c0d0e;--divider-icon-size:20px;--divider-element-spacing:10px;--divider-pattern-height:24px;--divider-pattern-size:20px;--divider-pattern-url:none;--divider-pattern-repeat:repeat-x}.elementor-widget-divider .elementor-divider{display:flex}.elementor-widget-divider .elementor-divider__text{font-size:15px;line-height:1;max-width:95%}.elementor-widget-divider .elementor-divider__element{margin:0 var(--divider-element-spacing);flex-shrink:0}.elementor-widget-divider .elementor-icon{font-size:var(--divider-icon-size)}.elementor-widget-divider .elementor-divider-separator{display:flex;margin:0;direction:ltr}.elementor-widget-divider--view-line_icon .elementor-divider-separator,.elementor-widget-divider--view-line_text .elementor-divider-separator{align-items:center}.elementor-widget-divider--view-line_icon .elementor-divider-separator:after,.elementor-widget-divider--view-line_icon .elementor-divider-separator:before,.elementor-widget-divider--view-line_text .elementor-divider-separator:after,.elementor-widget-divider--view-line_text .elementor-divider-separator:before{display:block;content:\"\";border-bottom:0;flex-grow:1;border-top:var(--divider-border-width) var(--divider-border-style) var(--divider-color)}.elementor-widget-divider--element-align-left .elementor-divider .elementor-divider-separator>.elementor-divider__svg:first-of-type{flex-grow:0;flex-shrink:100}.elementor-widget-divider--element-align-left .elementor-divider-separator:before{content:none}.elementor-widget-divider--element-align-left .elementor-divider__element{margin-left:0}.elementor-widget-divider--element-align-right .elementor-divider .elementor-divider-separator>.elementor-divider__svg:last-of-type{flex-grow:0;flex-shrink:100}.elementor-widget-divider--element-align-right .elementor-divider-separator:after{content:none}.elementor-widget-divider--element-align-right .elementor-divider__element{margin-right:0}.elementor-widget-divider:not(.elementor-widget-divider--view-line_text):not(.elementor-widget-divider--view-line_icon) .elementor-divider-separator{border-top:var(--divider-border-width) var(--divider-border-style) var(--divider-color)}.elementor-widget-divider--separator-type-pattern{--divider-border-style:none}.elementor-widget-divider--separator-type-pattern.elementor-widget-divider--view-line .elementor-divider-separator,.elementor-widget-divider--separator-type-pattern:not(.elementor-widget-divider--view-line) .elementor-divider-separator:after,.elementor-widget-divider--separator-type-pattern:not(.elementor-widget-divider--view-line) .elementor-divider-separator:before,.elementor-widget-divider--separator-type-pattern:not([class*=elementor-widget-divider--view]) .elementor-divider-separator{width:100%;min-height:var(--divider-pattern-height);-webkit-mask-size:var(--divider-pattern-size) 100%;mask-size:var(--divider-pattern-size) 100%;-webkit-mask-repeat:var(--divider-pattern-repeat);mask-repeat:var(--divider-pattern-repeat);background-color:var(--divider-color);-webkit-mask-image:var(--divider-pattern-url);mask-image:var(--divider-pattern-url)}.elementor-widget-divider--no-spacing{--divider-pattern-size:auto}.elementor-widget-divider--bg-round{--divider-pattern-repeat:round}.rtl .elementor-widget-divider .elementor-divider__text{direction:rtl}.e-con-inner>.elementor-widget-divider,.e-con>.elementor-widget-divider{width:var(--container-widget-width,100%);--flex-grow:var(--container-widget-flex-grow)}<\/style>\n<h2>Danse PostNatale MamDanse\u00ae<\/h2>\n<p>\t\t\t\t\t\t\t\t\t\t\t\t\t\t\t<img loading=\"lazy\" decoding=\"async\" width=\"300\" height=\"240\" src=\"http:\/\/cocoonamama.fr\/wp-content\/uploads\/2023\/10\/MAMDANSE-300x240.png\" alt=\"\" loading=\"lazy\" srcset=\"https:\/\/cocoonamama.fr\/wp-content\/uploads\/2023\/10\/MAMDANSE-300x240.png 300w, https:\/\/cocoonamama.fr\/wp-content\/uploads\/2023\/10\/MAMDANSE-1024x819.png 1024w, https:\/\/cocoonamama.fr\/wp-content\/uploads\/2023\/10\/MAMDANSE-768x614.png 768w, https:\/\/cocoonamama.fr\/wp-content\/uploads\/2023\/10\/MAMDANSE-1536x1229.png 1536w, https:\/\/cocoonamama.fr\/wp-content\/uploads\/2023\/10\/MAMDANSE.png 2000w\" sizes=\"auto, 100vw\" \/>\t\t\t\t\t\t\t\t\t\t\t\t\t\t\t<\/p>\n<p>MamDanse\u00ae est une m\u00e9thode in\u00e9dite de danse cr\u00e9\u00e9e par Sonia DUCHESNE danseuse professionnelle, chor\u00e9graphe et professeure de danse.<\/p>\n<p>Cette approche novatrice vise \u00e0 combiner les bienfaits de la danse avec les besoins sp\u00e9cifiques des femmes, offrant ainsi une pr\u00e9paration physique et mentale compl\u00e8te pour toute la p\u00e9riode de la maternit\u00e9.\u00a0<\/p>\n<p>Chaque mouvement et posture, \u00e9labor\u00e9s gr\u00e2ce \u00e0 l\u2019expertise de Sonia DUCHESNE, ont une fonction pr\u00e9cise \u00a0afin d\u2019accompagner et de c\u00e9l\u00e9brer au plus pr\u00e8s la maternit\u00e9 aussi bien pendant la grossesse qu&rsquo;en p\u00e9riode postnatale.<\/p>\n<p>La danse postnatale MamDanse\u00ae\u00a0est accessible d\u00e8s le d\u00e9but de votre r\u00e9\u00e9ducation du p\u00e9rin\u00e9e.<\/p>\n<p>En p\u00e9riode postnatale la danse va vous permettre de remettre votre corps en mouvement et de retrouver vos sensations accompagn\u00e9e de b\u00e9b\u00e9.<\/p>\n<p>Un vrai moment de complicit\u00e9 et de joie \u00e0 partager avec votre b\u00e9b\u00e9.<\/p>\n<p>\t\t\t\t\t\t\t\t\t\t\t\t\t\t\t<img loading=\"lazy\" decoding=\"async\" width=\"525\" height=\"743\" src=\"http:\/\/cocoonamama.fr\/wp-content\/uploads\/2023\/09\/Affiche-GLOBALE-Danse-MamanBEBE-724x1024.png\" alt=\"\" loading=\"lazy\" srcset=\"https:\/\/cocoonamama.fr\/wp-content\/uploads\/2023\/09\/Affiche-GLOBALE-Danse-MamanBEBE-724x1024.png 724w, https:\/\/cocoonamama.fr\/wp-content\/uploads\/2023\/09\/Affiche-GLOBALE-Danse-MamanBEBE-212x300.png 212w, https:\/\/cocoonamama.fr\/wp-content\/uploads\/2023\/09\/Affiche-GLOBALE-Danse-MamanBEBE-768x1086.png 768w, https:\/\/cocoonamama.fr\/wp-content\/uploads\/2023\/09\/Affiche-GLOBALE-Danse-MamanBEBE-1086x1536.png 1086w, https:\/\/cocoonamama.fr\/wp-content\/uploads\/2023\/09\/Affiche-GLOBALE-Danse-MamanBEBE.png 1414w\" sizes=\"auto, 100vw\" \/>\t\t\t\t\t\t\t\t\t\t\t\t\t\t\t<\/p>\n<style>\/*! elementor - v3.16.0 - 14-09-2023 *\/\n.elementor-widget-social-icons.elementor-grid-0 .elementor-widget-container,.elementor-widget-social-icons.elementor-grid-mobile-0 .elementor-widget-container,.elementor-widget-social-icons.elementor-grid-tablet-0 .elementor-widget-container{line-height:1;font-size:0}.elementor-widget-social-icons:not(.elementor-grid-0):not(.elementor-grid-tablet-0):not(.elementor-grid-mobile-0) .elementor-grid{display:inline-grid}.elementor-widget-social-icons .elementor-grid{grid-column-gap:var(--grid-column-gap,5px);grid-row-gap:var(--grid-row-gap,5px);grid-template-columns:var(--grid-template-columns);justify-content:var(--justify-content,center);justify-items:var(--justify-content,center)}.elementor-icon.elementor-social-icon{font-size:var(--icon-size,25px);line-height:var(--icon-size,25px);width:calc(var(--icon-size, 25px) + (2 * var(--icon-padding, .5em)));height:calc(var(--icon-size, 25px) + (2 * var(--icon-padding, .5em)))}.elementor-social-icon{--e-social-icon-icon-color:#fff;display:inline-flex;background-color:#69727d;align-items:center;justify-content:center;text-align:center;cursor:pointer}.elementor-social-icon i{color:var(--e-social-icon-icon-color)}.elementor-social-icon svg{fill:var(--e-social-icon-icon-color)}.elementor-social-icon:last-child{margin:0}.elementor-social-icon:hover{opacity:.9;color:#fff}.elementor-social-icon-android{background-color:#a4c639}.elementor-social-icon-apple{background-color:#999}.elementor-social-icon-behance{background-color:#1769ff}.elementor-social-icon-bitbucket{background-color:#205081}.elementor-social-icon-codepen{background-color:#000}.elementor-social-icon-delicious{background-color:#39f}.elementor-social-icon-deviantart{background-color:#05cc47}.elementor-social-icon-digg{background-color:#005be2}.elementor-social-icon-dribbble{background-color:#ea4c89}.elementor-social-icon-elementor{background-color:#d30c5c}.elementor-social-icon-envelope{background-color:#ea4335}.elementor-social-icon-facebook,.elementor-social-icon-facebook-f{background-color:#3b5998}.elementor-social-icon-flickr{background-color:#0063dc}.elementor-social-icon-foursquare{background-color:#2d5be3}.elementor-social-icon-free-code-camp,.elementor-social-icon-freecodecamp{background-color:#006400}.elementor-social-icon-github{background-color:#333}.elementor-social-icon-gitlab{background-color:#e24329}.elementor-social-icon-globe{background-color:#69727d}.elementor-social-icon-google-plus,.elementor-social-icon-google-plus-g{background-color:#dd4b39}.elementor-social-icon-houzz{background-color:#7ac142}.elementor-social-icon-instagram{background-color:#262626}.elementor-social-icon-jsfiddle{background-color:#487aa2}.elementor-social-icon-link{background-color:#818a91}.elementor-social-icon-linkedin,.elementor-social-icon-linkedin-in{background-color:#0077b5}.elementor-social-icon-medium{background-color:#00ab6b}.elementor-social-icon-meetup{background-color:#ec1c40}.elementor-social-icon-mixcloud{background-color:#273a4b}.elementor-social-icon-odnoklassniki{background-color:#f4731c}.elementor-social-icon-pinterest{background-color:#bd081c}.elementor-social-icon-product-hunt{background-color:#da552f}.elementor-social-icon-reddit{background-color:#ff4500}.elementor-social-icon-rss{background-color:#f26522}.elementor-social-icon-shopping-cart{background-color:#4caf50}.elementor-social-icon-skype{background-color:#00aff0}.elementor-social-icon-slideshare{background-color:#0077b5}.elementor-social-icon-snapchat{background-color:#fffc00}.elementor-social-icon-soundcloud{background-color:#f80}.elementor-social-icon-spotify{background-color:#2ebd59}.elementor-social-icon-stack-overflow{background-color:#fe7a15}.elementor-social-icon-steam{background-color:#00adee}.elementor-social-icon-stumbleupon{background-color:#eb4924}.elementor-social-icon-telegram{background-color:#2ca5e0}.elementor-social-icon-thumb-tack{background-color:#1aa1d8}.elementor-social-icon-tripadvisor{background-color:#589442}.elementor-social-icon-tumblr{background-color:#35465c}.elementor-social-icon-twitch{background-color:#6441a5}.elementor-social-icon-twitter{background-color:#1da1f2}.elementor-social-icon-viber{background-color:#665cac}.elementor-social-icon-vimeo{background-color:#1ab7ea}.elementor-social-icon-vk{background-color:#45668e}.elementor-social-icon-weibo{background-color:#dd2430}.elementor-social-icon-weixin{background-color:#31a918}.elementor-social-icon-whatsapp{background-color:#25d366}.elementor-social-icon-wordpress{background-color:#21759b}.elementor-social-icon-xing{background-color:#026466}.elementor-social-icon-yelp{background-color:#af0606}.elementor-social-icon-youtube{background-color:#cd201f}.elementor-social-icon-500px{background-color:#0099e5}.elementor-shape-rounded .elementor-icon.elementor-social-icon{border-radius:10%}.elementor-shape-circle .elementor-icon.elementor-social-icon{border-radius:50%}<\/style>\n<p>\t\t\t\t\t<a href=\"https:\/\/instagram.com\/mouvement_guerisseur?utm_source=qr&#038;igshid=OGU0MmVlOWVjOQ==\" target=\"_blank\" rel=\"noopener\"><br \/>\n\t\t\t\t\t\tInstagram<br \/>\n\t\t\t\t\t\t\t\t\t\t\t<\/a><\/p>\n<p>mouvement_guerisseur<\/p>\n","protected":false},"excerpt":{"rendered":"<p>DANSE MAMAN BEBE APAISE STIMULE FUN RENFORCE LE LIEN JOIE Danse PostNatale MamDanse\u00ae MamDanse\u00ae est une m\u00e9thode in\u00e9dite de danse cr\u00e9\u00e9e par Sonia DUCHESNE danseuse professionnelle, chor\u00e9graphe et professeure de danse. Cette approche novatrice vise \u00e0 combiner les bienfaits de la danse avec les besoins sp\u00e9cifiques des femmes, offrant ainsi une pr\u00e9paration physique et mentale &hellip; <\/p>\n<p class=\"link-more\"><a href=\"https:\/\/cocoonamama.fr\/?page_id=286\" class=\"more-link\">Continuer la lecture<span class=\"screen-reader-text\"> de &laquo;&nbsp;DANSE MAMAN BEBE&nbsp;&raquo;<\/span><\/a><\/p>\n","protected":false},"author":1,"featured_media":0,"parent":0,"menu_order":0,"comment_status":"closed","ping_status":"closed","template":"","meta":{"footnotes":""},"class_list":["post-286","page","type-page","status-publish","hentry"],"_links":{"self":[{"href":"https:\/\/cocoonamama.fr\/index.php?rest_route=\/wp\/v2\/pages\/286","targetHints":{"allow":["GET"]}}],"collection":[{"href":"https:\/\/cocoonamama.fr\/index.php?rest_route=\/wp\/v2\/pages"}],"about":[{"href":"https:\/\/cocoonamama.fr\/index.php?rest_route=\/wp\/v2\/types\/page"}],"author":[{"embeddable":true,"href":"https:\/\/cocoonamama.fr\/index.php?rest_route=\/wp\/v2\/users\/1"}],"replies":[{"embeddable":true,"href":"https:\/\/cocoonamama.fr\/index.php?rest_route=%2Fwp%2Fv2%2Fcomments&post=286"}],"version-history":[{"count":17,"href":"https:\/\/cocoonamama.fr\/index.php?rest_route=\/wp\/v2\/pages\/286\/revisions"}],"predecessor-version":[{"id":654,"href":"https:\/\/cocoonamama.fr\/index.php?rest_route=\/wp\/v2\/pages\/286\/revisions\/654"}],"wp:attachment":[{"href":"https:\/\/cocoonamama.fr\/index.php?rest_route=%2Fwp%2Fv2%2Fmedia&parent=286"}],"curies":[{"name":"wp","href":"https:\/\/api.w.org\/{rel}","templated":true}]}}