{"id":219,"date":"2023-09-18T17:20:52","date_gmt":"2023-09-18T15:20:52","guid":{"rendered":"https:\/\/cocoonamama.fr\/?page_id=219"},"modified":"2023-10-04T14:35:56","modified_gmt":"2023-10-04T12:35:56","slug":"massage-bebe","status":"publish","type":"page","link":"https:\/\/cocoonamama.fr\/?page_id=219","title":{"rendered":"MASSAGE BEBE"},"content":{"rendered":"\t\t<div data-elementor-type=\"wp-page\" data-elementor-id=\"219\" class=\"elementor elementor-219\">\n\t\t\t\t\t\t<section class=\"elementor-section elementor-top-section elementor-element elementor-element-7bb9a01 elementor-section-boxed elementor-section-height-default elementor-section-height-default\" data-id=\"7bb9a01\" data-element_type=\"section\" data-settings=\"{&quot;shape_divider_top&quot;:&quot;wave-brush&quot;}\">\n\t\t\t\t\t\t\t<div class=\"elementor-background-overlay\"><\/div>\n\t\t\t\t\t\t<div class=\"elementor-shape elementor-shape-top\" data-negative=\"false\">\n\t\t\t<svg xmlns=\"http:\/\/www.w3.org\/2000\/svg\" viewBox=\"0 0 283.5 27.8\" preserveAspectRatio=\"none\">\n\t<path class=\"elementor-shape-fill\" d=\"M283.5,9.7c0,0-7.3,4.3-14,4.6c-6.8,0.3-12.6,0-20.9-1.5c-11.3-2-33.1-10.1-44.7-5.7\ts-12.1,4.6-18,7.4c-6.6,3.2-20,9.6-36.6,9.3C131.6,23.5,99.5,7.2,86.3,8c-1.4,0.1-6.6,0.8-10.5,2c-3.8,1.2-9.4,3.8-17,4.7\tc-3.2,0.4-8.3,1.1-14.2,0.9c-1.5-0.1-6.3-0.4-12-1.6c-5.7-1.2-11-3.1-15.8-3.7C6.5,9.2,0,10.8,0,10.8V0h283.5V9.7z M260.8,11.3\tc-0.7-1-2-0.4-4.3-0.4c-2.3,0-6.1-1.2-5.8-1.1c0.3,0.1,3.1,1.5,6,1.9C259.7,12.2,261.4,12.3,260.8,11.3z M242.4,8.6\tc0,0-2.4-0.2-5.6-0.9c-3.2-0.8-10.3-2.8-15.1-3.5c-8.2-1.1-15.8,0-15.1,0.1c0.8,0.1,9.6-0.6,17.6,1.1c3.3,0.7,9.3,2.2,12.4,2.7\tC239.9,8.7,242.4,8.6,242.4,8.6z M185.2,8.5c1.7-0.7-13.3,4.7-18.5,6.1c-2.1,0.6-6.2,1.6-10,2c-3.9,0.4-8.9,0.4-8.8,0.5\tc0,0.2,5.8,0.8,11.2,0c5.4-0.8,5.2-1.1,7.6-1.6C170.5,14.7,183.5,9.2,185.2,8.5z M199.1,6.9c0.2,0-0.8-0.4-4.8,1.1\tc-4,1.5-6.7,3.5-6.9,3.7c-0.2,0.1,3.5-1.8,6.6-3C197,7.5,199,6.9,199.1,6.9z M283,6c-0.1,0.1-1.9,1.1-4.8,2.5s-6.9,2.8-6.7,2.7\tc0.2,0,3.5-0.6,7.4-2.5C282.8,6.8,283.1,5.9,283,6z M31.3,11.6c0.1-0.2-1.9-0.2-4.5-1.2s-5.4-1.6-7.8-2C15,7.6,7.3,8.5,7.7,8.6\tC8,8.7,15.9,8.3,20.2,9.3c2.2,0.5,2.4,0.5,5.7,1.6S31.2,11.9,31.3,11.6z M73,9.2c0.4-0.1,3.5-1.6,8.4-2.6c4.9-1.1,8.9-0.5,8.9-0.8\tc0-0.3-1-0.9-6.2-0.3S72.6,9.3,73,9.2z M71.6,6.7C71.8,6.8,75,5.4,77.3,5c2.3-0.3,1.9-0.5,1.9-0.6c0-0.1-1.1-0.2-2.7,0.2\tC74.8,5.1,71.4,6.6,71.6,6.7z M93.6,4.4c0.1,0.2,3.5,0.8,5.6,1.8c2.1,1,1.8,0.6,1.9,0.5c0.1-0.1-0.8-0.8-2.4-1.3\tC97.1,4.8,93.5,4.2,93.6,4.4z M65.4,11.1c-0.1,0.3,0.3,0.5,1.9-0.2s2.6-1.3,2.2-1.2s-0.9,0.4-2.5,0.8C65.3,10.9,65.5,10.8,65.4,11.1\tz M34.5,12.4c-0.2,0,2.1,0.8,3.3,0.9c1.2,0.1,2,0.1,2-0.2c0-0.3-0.1-0.5-1.6-0.4C36.6,12.8,34.7,12.4,34.5,12.4z M152.2,21.1\tc-0.1,0.1-2.4-0.3-7.5-0.3c-5,0-13.6-2.4-17.2-3.5c-3.6-1.1,10,3.9,16.5,4.1C150.5,21.6,152.3,21,152.2,21.1z\"\/>\n\t<path class=\"elementor-shape-fill\" d=\"M269.6,18c-0.1-0.1-4.6,0.3-7.2,0c-7.3-0.7-17-3.2-16.6-2.9c0.4,0.3,13.7,3.1,17,3.3\tC267.7,18.8,269.7,18,269.6,18z\"\/>\n\t<path class=\"elementor-shape-fill\" d=\"M227.4,9.8c-0.2-0.1-4.5-1-9.5-1.2c-5-0.2-12.7,0.6-12.3,0.5c0.3-0.1,5.9-1.8,13.3-1.2\tS227.6,9.9,227.4,9.8z\"\/>\n\t<path class=\"elementor-shape-fill\" d=\"M204.5,13.4c-0.1-0.1,2-1,3.2-1.1c1.2-0.1,2,0,2,0.3c0,0.3-0.1,0.5-1.6,0.4\tC206.4,12.9,204.6,13.5,204.5,13.4z\"\/>\n\t<path class=\"elementor-shape-fill\" d=\"M201,10.6c0-0.1-4.4,1.2-6.3,2.2c-1.9,0.9-6.2,3.1-6.1,3.1c0.1,0.1,4.2-1.6,6.3-2.6\tS201,10.7,201,10.6z\"\/>\n\t<path class=\"elementor-shape-fill\" d=\"M154.5,26.7c-0.1-0.1-4.6,0.3-7.2,0c-7.3-0.7-17-3.2-16.6-2.9c0.4,0.3,13.7,3.1,17,3.3\tC152.6,27.5,154.6,26.8,154.5,26.7z\"\/>\n\t<path class=\"elementor-shape-fill\" d=\"M41.9,19.3c0,0,1.2-0.3,2.9-0.1c1.7,0.2,5.8,0.9,8.2,0.7c4.2-0.4,7.4-2.7,7-2.6\tc-0.4,0-4.3,2.2-8.6,1.9c-1.8-0.1-5.1-0.5-6.7-0.4S41.9,19.3,41.9,19.3z\"\/>\n\t<path class=\"elementor-shape-fill\" d=\"M75.5,12.6c0.2,0.1,2-0.8,4.3-1.1c2.3-0.2,2.1-0.3,2.1-0.5c0-0.1-1.8-0.4-3.4,0\tC76.9,11.5,75.3,12.5,75.5,12.6z\"\/>\n\t<path class=\"elementor-shape-fill\" d=\"M15.6,13.2c0-0.1,4.3,0,6.7,0.5c2.4,0.5,5,1.9,5,2c0,0.1-2.7-0.8-5.1-1.4\tC19.9,13.7,15.7,13.3,15.6,13.2z\"\/>\n<\/svg>\t\t<\/div>\n\t\t\t\t\t<div class=\"elementor-container elementor-column-gap-extended\">\n\t\t\t\t\t<div class=\"elementor-column elementor-col-50 elementor-top-column elementor-element elementor-element-ff5641a\" data-id=\"ff5641a\" data-element_type=\"column\">\n\t\t\t<div class=\"elementor-widget-wrap elementor-element-populated\">\n\t\t\t\t\t\t<div class=\"elementor-element elementor-element-ada975f animated-slow elementor-invisible elementor-widget elementor-widget-image\" data-id=\"ada975f\" data-element_type=\"widget\" data-settings=\"{&quot;_animation&quot;:&quot;fadeInLeft&quot;}\" data-widget_type=\"image.default\">\n\t\t\t\t<div class=\"elementor-widget-container\">\n\t\t\t\t\t\t\t\t\t\t\t\t\t\t\t<img fetchpriority=\"high\" decoding=\"async\" width=\"525\" height=\"525\" src=\"https:\/\/cocoonamama.fr\/wp-content\/uploads\/2023\/09\/MassageBB-4-1024x1024.jpg\" class=\"attachment-large size-large wp-image-221\" alt=\"\" srcset=\"https:\/\/cocoonamama.fr\/wp-content\/uploads\/2023\/09\/MassageBB-4-1024x1024.jpg 1024w, https:\/\/cocoonamama.fr\/wp-content\/uploads\/2023\/09\/MassageBB-4-300x300.jpg 300w, https:\/\/cocoonamama.fr\/wp-content\/uploads\/2023\/09\/MassageBB-4-150x150.jpg 150w, https:\/\/cocoonamama.fr\/wp-content\/uploads\/2023\/09\/MassageBB-4-768x768.jpg 768w, https:\/\/cocoonamama.fr\/wp-content\/uploads\/2023\/09\/MassageBB-4-100x100.jpg 100w, https:\/\/cocoonamama.fr\/wp-content\/uploads\/2023\/09\/MassageBB-4.jpg 1080w\" sizes=\"100vw\" \/>\t\t\t\t\t\t\t\t\t\t\t\t\t\t\t<\/div>\n\t\t\t\t<\/div>\n\t\t\t\t<section class=\"elementor-section elementor-inner-section elementor-element elementor-element-f2dec35 elementor-section-boxed elementor-section-height-default elementor-section-height-default\" data-id=\"f2dec35\" data-element_type=\"section\">\n\t\t\t\t\t\t<div class=\"elementor-container elementor-column-gap-default\">\n\t\t\t\t\t<div class=\"elementor-column elementor-col-100 elementor-inner-column elementor-element elementor-element-cf8f0f0\" data-id=\"cf8f0f0\" data-element_type=\"column\">\n\t\t\t<div class=\"elementor-widget-wrap elementor-element-populated\">\n\t\t\t\t\t\t<div class=\"elementor-element elementor-element-a1376ed elementor-widget elementor-widget-spacer\" data-id=\"a1376ed\" data-element_type=\"widget\" data-widget_type=\"spacer.default\">\n\t\t\t\t<div class=\"elementor-widget-container\">\n\t\t\t\t\t\t\t<div class=\"elementor-spacer\">\n\t\t\t<div class=\"elementor-spacer-inner\"><\/div>\n\t\t<\/div>\n\t\t\t\t\t\t<\/div>\n\t\t\t\t<\/div>\n\t\t\t\t<div class=\"elementor-element elementor-element-2d66fcd elementor-invisible elementor-widget elementor-widget-text-editor\" data-id=\"2d66fcd\" data-element_type=\"widget\" data-settings=\"{&quot;_animation&quot;:&quot;fadeInLeft&quot;}\" data-widget_type=\"text-editor.default\">\n\t\t\t\t<div class=\"elementor-widget-container\">\n\t\t\t\t\t\t\t\t\t<p><span style=\"color: #404040; font-family: 'Open Sans', Helvetica, 'Helvetica Neue', Arial, sans-serif; font-size: 12px;\">\u00c0 la naissance, le syst\u00e8me nerveux, et particuli\u00e8rement le cerveau, de l\u2019\u00eatre humain est nettement moins d\u00e9velopp\u00e9 que chez les autres primates. Sa maturation se fera plut\u00f4t pendant les premi\u00e8res ann\u00e9es de vie. En effet, la plupart des neurones ne sont pas encore reli\u00e9s les uns aux autres lorsque l\u2019enfant vient au monde. C\u2019est en r\u00e9ponse aux stimulations provenant de son environnement que les neurones se connecteront.<\/span><\/p>\t\t\t\t\t\t\t\t<\/div>\n\t\t\t\t<\/div>\n\t\t\t\t<div class=\"elementor-element elementor-element-0d963e7 elementor-widget elementor-widget-spacer\" data-id=\"0d963e7\" data-element_type=\"widget\" data-widget_type=\"spacer.default\">\n\t\t\t\t<div class=\"elementor-widget-container\">\n\t\t\t\t\t\t\t<div class=\"elementor-spacer\">\n\t\t\t<div class=\"elementor-spacer-inner\"><\/div>\n\t\t<\/div>\n\t\t\t\t\t\t<\/div>\n\t\t\t\t<\/div>\n\t\t\t\t\t<\/div>\n\t\t<\/div>\n\t\t\t\t\t<\/div>\n\t\t<\/section>\n\t\t\t\t\t<\/div>\n\t\t<\/div>\n\t\t\t\t<div class=\"elementor-column elementor-col-50 elementor-top-column elementor-element elementor-element-0497f4b\" data-id=\"0497f4b\" data-element_type=\"column\">\n\t\t\t<div class=\"elementor-widget-wrap elementor-element-populated\">\n\t\t\t\t\t\t<div class=\"elementor-element elementor-element-17154b9 elementor-widget elementor-widget-heading\" data-id=\"17154b9\" data-element_type=\"widget\" data-widget_type=\"heading.default\">\n\t\t\t\t<div class=\"elementor-widget-container\">\n\t\t\t\t\t<h3 class=\"elementor-heading-title elementor-size-default\">LE MASSAGE BEBE EST UN SOIN RELATIONNEL FONDAMENTAL<\/h3>\t\t\t\t<\/div>\n\t\t\t\t<\/div>\n\t\t\t\t<div class=\"elementor-element elementor-element-3b37f47 elementor-widget elementor-widget-text-editor\" data-id=\"3b37f47\" data-element_type=\"widget\" data-widget_type=\"text-editor.default\">\n\t\t\t\t<div class=\"elementor-widget-container\">\n\t\t\t\t\t\t\t\t\t<p class=\"MsoNormal\" style=\"text-align: center;\" align=\"center\"><b style=\"color: var( --e-global-color-text ); font-family: var( --e-global-typography-text-font-family ), Sans-serif; text-align: left; font-size: 1rem;\"><span style=\"font-size: 14.0pt; line-height: 107%;\">Le toucher est notre premier langage.<\/span><\/b><\/p><p class=\"MsoNormal\">Les \u00e9tudes sur le toucher ont d\u00e9montr\u00e9 qu\u2019un petit d\u2019homme ne pourrait survivre sans recevoir de stimulation tactile saine.<\/p><p class=\"MsoNormal\">La peau est le premier organe \u00e0 se d\u00e9velopper et s\u2019\u00e9tend sur tout notre corps.<\/p><p class=\"MsoNormal\">C\u2019est un v\u00e9ritable point d\u2019entr\u00e9e vers le cerveau du b\u00e9b\u00e9 en cours de construction.<\/p><p class=\"MsoNormal\">C\u2019est \u00e0 travers les stimuli de la peau que le cerveau interpr\u00e8te, int\u00e8gre les informations et construit les connexions neuronales du b\u00e9b\u00e9.<\/p><p class=\"MsoNormal\">C\u2019est dire \u00e0 quel point cet organe est sensible et fondamental pour notre d\u00e9veloppement d\u2019\u00eatre humain.<\/p><p class=\"MsoNormal\">Avoir conscience de cela en tant que jeune parent est essentiel pour donner les meilleurs soins \u00e0 son b\u00e9b\u00e9.<\/p><p class=\"MsoNormal\">Le petit d\u2019homme na\u00eet totalement vuln\u00e9rable et d\u00e9pend de l\u2019environnement, de ses parents et des adultes r\u00e9f\u00e9rents pour survivre et se d\u00e9velopper de fa\u00e7on harmonieuse.<\/p><p class=\"MsoNormal\">Comme tout parent, vous voulez faire de votre mieux pour votre b\u00e9b\u00e9.<\/p><p class=\"MsoNormal\">Apprendre et pratiquer cet art ancestral qu\u2019est le massage b\u00e9b\u00e9 va jouer un r\u00f4le de socle relationnel, va participer \u00e0 poser les fondations de votre relations, et encore tant d&rsquo;autres bienfaits inestimables.<\/p>\t\t\t\t\t\t\t\t<\/div>\n\t\t\t\t<\/div>\n\t\t\t\t\t<\/div>\n\t\t<\/div>\n\t\t\t\t\t<\/div>\n\t\t<\/section>\n\t\t\t\t<section class=\"elementor-section elementor-top-section elementor-element elementor-element-5cfcb12 elementor-section-boxed elementor-section-height-default elementor-section-height-default\" data-id=\"5cfcb12\" data-element_type=\"section\">\n\t\t\t\t\t\t<div class=\"elementor-container elementor-column-gap-default\">\n\t\t\t\t\t<div class=\"elementor-column elementor-col-50 elementor-top-column elementor-element elementor-element-12fe741\" data-id=\"12fe741\" data-element_type=\"column\">\n\t\t\t<div class=\"elementor-widget-wrap elementor-element-populated\">\n\t\t\t\t\t\t<div class=\"elementor-element elementor-element-89a1b3a elementor-widget elementor-widget-image\" data-id=\"89a1b3a\" data-element_type=\"widget\" data-widget_type=\"image.default\">\n\t\t\t\t<div class=\"elementor-widget-container\">\n\t\t\t\t\t\t\t\t\t\t\t\t\t\t\t<img decoding=\"async\" width=\"525\" height=\"743\" src=\"https:\/\/cocoonamama.fr\/wp-content\/uploads\/2023\/09\/BABY_Maman_MasseMoi-724x1024.jpg\" class=\"attachment-large size-large wp-image-222\" alt=\"\" srcset=\"https:\/\/cocoonamama.fr\/wp-content\/uploads\/2023\/09\/BABY_Maman_MasseMoi-724x1024.jpg 724w, https:\/\/cocoonamama.fr\/wp-content\/uploads\/2023\/09\/BABY_Maman_MasseMoi-212x300.jpg 212w, https:\/\/cocoonamama.fr\/wp-content\/uploads\/2023\/09\/BABY_Maman_MasseMoi-768x1086.jpg 768w, https:\/\/cocoonamama.fr\/wp-content\/uploads\/2023\/09\/BABY_Maman_MasseMoi-1086x1536.jpg 1086w, https:\/\/cocoonamama.fr\/wp-content\/uploads\/2023\/09\/BABY_Maman_MasseMoi.jpg 1414w\" sizes=\"100vw\" \/>\t\t\t\t\t\t\t\t\t\t\t\t\t\t\t<\/div>\n\t\t\t\t<\/div>\n\t\t\t\t\t<\/div>\n\t\t<\/div>\n\t\t\t\t<div class=\"elementor-column elementor-col-50 elementor-top-column elementor-element elementor-element-69ff1d5\" data-id=\"69ff1d5\" data-element_type=\"column\">\n\t\t\t<div class=\"elementor-widget-wrap elementor-element-populated\">\n\t\t\t\t\t\t<div class=\"elementor-element elementor-element-fef3c19 elementor-widget elementor-widget-text-editor\" data-id=\"fef3c19\" data-element_type=\"widget\" data-widget_type=\"text-editor.default\">\n\t\t\t\t<div class=\"elementor-widget-container\">\n\t\t\t\t\t\t\t\t\t<p><span style=\"font-weight: bold; color: var( --e-global-color-text ); font-family: var( --e-global-typography-text-font-family ), Sans-serif; font-size: 1rem;\"><i><span style=\"font-size: 12pt; line-height: 17.12px;\">Si votre b\u00e9b\u00e9 avait d\u00e9j\u00e0 la parole il vous dirait sans aucun doute\u00a0:<\/span><\/i><\/span><\/p><p>Maman, tu sais j\u2019aimerai beaucoup que tu me masse.<\/p><p>Gr\u00e2ce au massage de mon corps tu vas :<\/p><p>M\u2019aider \u00e0 int\u00e9grer tous les nouveaux apprentissages que je fais chaque jour.<\/p><p>M\u2019aider \u00e0 g\u00e9rer mes \u00e9motions en stimulant mon syst\u00e8me\u00a0<span style=\"font-weight: bold;\">d\u2019auto-r\u00e9gulation<\/span>\u00a0et bien d\u00e9velopper mon syst\u00e8me nerveux.<\/p><p>M\u2019aider \u00e0 avoir confiance et \u00e0 me d\u00e9tendre\u00a0<span style=\"font-weight: bold;\">en me rassurant<\/span>\u00a0\u00e0 travers ce toucher saint.<\/p><p>M\u2019aider \u00e0 int\u00e9grer ma conscience corporelle et me permettre d\u2019aller plus facilement jouer avec mon corps pour explorer le monde.<\/p><p>Me donner les stimulations dont j\u2019ai besoin pour cr\u00e9er toutes les connexions dans mon cerveau qui serviront de socle pour mes apprentissages futurs.<\/p><p>Me permettre de te montrer ce que j\u2019aime et \u00e0 quel point je t\u2019aime car je vais s\u00e9cr\u00e9ter beaucoup d\u2019hormone de l\u2019amour pendant ce massage et toi aussi.<\/p><p>Alors maman, on commence quand\u00a0?<\/p><p>\u00a0<\/p>\t\t\t\t\t\t\t\t<\/div>\n\t\t\t\t<\/div>\n\t\t\t\t\t<\/div>\n\t\t<\/div>\n\t\t\t\t\t<\/div>\n\t\t<\/section>\n\t\t\t\t<section class=\"elementor-section elementor-top-section elementor-element elementor-element-8c78e6b elementor-section-boxed elementor-section-height-default elementor-section-height-default\" data-id=\"8c78e6b\" data-element_type=\"section\">\n\t\t\t\t\t\t<div class=\"elementor-container elementor-column-gap-default\">\n\t\t\t\t\t<div class=\"elementor-column elementor-col-100 elementor-top-column elementor-element elementor-element-bcf7c13\" data-id=\"bcf7c13\" data-element_type=\"column\">\n\t\t\t<div class=\"elementor-widget-wrap elementor-element-populated\">\n\t\t\t\t\t\t<div class=\"elementor-element elementor-element-c071efe elementor-widget elementor-widget-image\" data-id=\"c071efe\" data-element_type=\"widget\" data-widget_type=\"image.default\">\n\t\t\t\t<div class=\"elementor-widget-container\">\n\t\t\t\t\t\t\t\t\t\t\t\t\t\t\t<img decoding=\"async\" width=\"525\" height=\"420\" src=\"https:\/\/cocoonamama.fr\/wp-content\/uploads\/2023\/09\/HAPPY-BABY-1024x819.jpg\" class=\"attachment-large size-large wp-image-227\" alt=\"\" srcset=\"https:\/\/cocoonamama.fr\/wp-content\/uploads\/2023\/09\/HAPPY-BABY-1024x819.jpg 1024w, https:\/\/cocoonamama.fr\/wp-content\/uploads\/2023\/09\/HAPPY-BABY-300x240.jpg 300w, https:\/\/cocoonamama.fr\/wp-content\/uploads\/2023\/09\/HAPPY-BABY-768x614.jpg 768w, https:\/\/cocoonamama.fr\/wp-content\/uploads\/2023\/09\/HAPPY-BABY-1536x1229.jpg 1536w, https:\/\/cocoonamama.fr\/wp-content\/uploads\/2023\/09\/HAPPY-BABY.jpg 2000w\" sizes=\"100vw\" \/>\t\t\t\t\t\t\t\t\t\t\t\t\t\t\t<\/div>\n\t\t\t\t<\/div>\n\t\t\t\t<div class=\"elementor-element elementor-element-e85197b elementor-widget elementor-widget-text-editor\" data-id=\"e85197b\" data-element_type=\"widget\" data-widget_type=\"text-editor.default\">\n\t\t\t\t<div class=\"elementor-widget-container\">\n\t\t\t\t\t\t\t\t\t<p><span style=\"font-weight: bold;\">&nbsp;<\/span><span style=\"color: var( --e-global-color-text ); font-family: var( --e-global-typography-text-font-family ), Sans-serif; font-size: 1rem; font-weight: bold;\">Tous les b\u00e9b\u00e9s du monde devraient \u00eatre mass\u00e9s<\/span><br><\/p>\t\t\t\t\t\t\t\t<\/div>\n\t\t\t\t<\/div>\n\t\t\t\t\t<\/div>\n\t\t<\/div>\n\t\t\t\t\t<\/div>\n\t\t<\/section>\n\t\t\t\t<section class=\"elementor-section elementor-top-section elementor-element elementor-element-37f4478 elementor-section-boxed elementor-section-height-default elementor-section-height-default\" data-id=\"37f4478\" data-element_type=\"section\">\n\t\t\t\t\t\t<div class=\"elementor-container elementor-column-gap-default\">\n\t\t\t\t\t<div class=\"elementor-column elementor-col-100 elementor-top-column elementor-element elementor-element-9075d64\" data-id=\"9075d64\" data-element_type=\"column\">\n\t\t\t<div class=\"elementor-widget-wrap elementor-element-populated\">\n\t\t\t\t\t\t<div class=\"elementor-element elementor-element-14d6101 animated-slow elementor-invisible elementor-widget elementor-widget-heading\" data-id=\"14d6101\" data-element_type=\"widget\" data-settings=\"{&quot;_animation&quot;:&quot;fadeInLeft&quot;}\" data-widget_type=\"heading.default\">\n\t\t\t\t<div class=\"elementor-widget-container\">\n\t\t\t\t\t<h2 class=\"elementor-heading-title elementor-size-default\"><a href=\"?page_id=248\">D\u00e9couvrir les ateliers en cliquant par ici<\/a><\/h2>\t\t\t\t<\/div>\n\t\t\t\t<\/div>\n\t\t\t\t\t<\/div>\n\t\t<\/div>\n\t\t\t\t\t<\/div>\n\t\t<\/section>\n\t\t\t\t<\/div>\n\t\t","protected":false},"excerpt":{"rendered":"<p>\u00c0 la naissance, le syst\u00e8me nerveux, et particuli\u00e8rement le cerveau, de l\u2019\u00eatre humain est nettement moins d\u00e9velopp\u00e9 que chez les autres primates. Sa maturation se fera plut\u00f4t pendant les premi\u00e8res ann\u00e9es de vie. En effet, la plupart des neurones ne sont pas encore reli\u00e9s les uns aux autres lorsque l\u2019enfant vient au monde. C\u2019est en &hellip; <\/p>\n<p class=\"link-more\"><a href=\"https:\/\/cocoonamama.fr\/?page_id=219\" class=\"more-link\">Continuer la lecture<span class=\"screen-reader-text\"> de &laquo;&nbsp;MASSAGE BEBE&nbsp;&raquo;<\/span><\/a><\/p>\n","protected":false},"author":1,"featured_media":221,"parent":0,"menu_order":0,"comment_status":"closed","ping_status":"closed","template":"","meta":{"footnotes":""},"class_list":["post-219","page","type-page","status-publish","has-post-thumbnail","hentry"],"_links":{"self":[{"href":"https:\/\/cocoonamama.fr\/index.php?rest_route=\/wp\/v2\/pages\/219","targetHints":{"allow":["GET"]}}],"collection":[{"href":"https:\/\/cocoonamama.fr\/index.php?rest_route=\/wp\/v2\/pages"}],"about":[{"href":"https:\/\/cocoonamama.fr\/index.php?rest_route=\/wp\/v2\/types\/page"}],"author":[{"embeddable":true,"href":"https:\/\/cocoonamama.fr\/index.php?rest_route=\/wp\/v2\/users\/1"}],"replies":[{"embeddable":true,"href":"https:\/\/cocoonamama.fr\/index.php?rest_route=%2Fwp%2Fv2%2Fcomments&post=219"}],"version-history":[{"count":21,"href":"https:\/\/cocoonamama.fr\/index.php?rest_route=\/wp\/v2\/pages\/219\/revisions"}],"predecessor-version":[{"id":623,"href":"https:\/\/cocoonamama.fr\/index.php?rest_route=\/wp\/v2\/pages\/219\/revisions\/623"}],"wp:featuredmedia":[{"embeddable":true,"href":"https:\/\/cocoonamama.fr\/index.php?rest_route=\/wp\/v2\/media\/221"}],"wp:attachment":[{"href":"https:\/\/cocoonamama.fr\/index.php?rest_route=%2Fwp%2Fv2%2Fmedia&parent=219"}],"curies":[{"name":"wp","href":"https:\/\/api.w.org\/{rel}","templated":true}]}}