{"id":131,"date":"2023-09-07T19:24:32","date_gmt":"2023-09-07T17:24:32","guid":{"rendered":"https:\/\/cocoonamama.fr\/?page_id=131"},"modified":"2025-11-04T17:39:04","modified_gmt":"2025-11-04T16:39:04","slug":"accueil-elementor","status":"publish","type":"page","link":"https:\/\/cocoonamama.fr\/","title":{"rendered":"BIENVENUE"},"content":{"rendered":"\t\t<div data-elementor-type=\"wp-page\" data-elementor-id=\"131\" class=\"elementor elementor-131\">\n\t\t\t\t\t\t<section class=\"elementor-section elementor-top-section elementor-element elementor-element-135ea9b elementor-section-boxed elementor-section-height-default elementor-section-height-default\" data-id=\"135ea9b\" data-element_type=\"section\">\n\t\t\t\t\t\t<div class=\"elementor-container elementor-column-gap-default\">\n\t\t\t\t\t<div class=\"elementor-column elementor-col-100 elementor-top-column elementor-element elementor-element-8203a94\" data-id=\"8203a94\" data-element_type=\"column\">\n\t\t\t<div class=\"elementor-widget-wrap elementor-element-populated\">\n\t\t\t\t\t\t<div class=\"elementor-element elementor-element-50ee343 elementor-invisible elementor-widget elementor-widget-heading\" data-id=\"50ee343\" data-element_type=\"widget\" data-settings=\"{&quot;_animation&quot;:&quot;fadeInLeft&quot;}\" data-widget_type=\"heading.default\">\n\t\t\t\t<div class=\"elementor-widget-container\">\n\t\t\t\t\t<h1 class=\"elementor-heading-title elementor-size-default\"><span style=\"font-size: 16px;font-weight: 400\">Bienvenue dans ce cocon d\u2019amour autour de la naissance<\/span><\/h1>\t\t\t\t<\/div>\n\t\t\t\t<\/div>\n\t\t\t\t<div class=\"elementor-element elementor-element-71106ad elementor-widget elementor-widget-text-editor\" data-id=\"71106ad\" data-element_type=\"widget\" data-widget_type=\"text-editor.default\">\n\t\t\t\t<div class=\"elementor-widget-container\">\n\t\t\t\t\t\t\t\t\t<p><span style=\"color: var( --e-global-color-text ); font-family: var( --e-global-typography-text-font-family ), Sans-serif; font-weight: var( --e-global-typography-text-font-weight ); font-size: 1rem;\">Vous trouverez ici <\/span><span style=\"color: var( --e-global-color-text ); font-family: var( --e-global-typography-text-font-family ), Sans-serif; font-weight: var( --e-global-typography-text-font-weight ); font-size: 1rem;\">comment <\/span><span style=\"color: var( --e-global-color-text ); font-family: var( --e-global-typography-text-font-family ), Sans-serif; font-size: 1rem; font-weight: var( --e-global-typography-text-font-weight );\">vivre au mieux l\u2019arriv\u00e9e de votre b\u00e9b\u00e9.<\/span><\/p><p><span style=\"font-family: var( --e-global-typography-text-font-family ), Sans-serif; font-weight: var( --e-global-typography-text-font-weight ); font-size: 1rem;\">Accompagnement des transformations corporelles et \u00e9motionnelles li\u00e9es \u00e0 votre grossesse o\u00f9\u00a0 \u00e0 votre accouchement.<\/span><\/p><p>Accompagnement \u00e0 l&rsquo;arriv\u00e9e de b\u00e9b\u00e9.<\/p><p><span style=\"font-family: var( --e-global-typography-text-font-family ), Sans-serif; font-weight: var( --e-global-typography-text-font-weight ); font-size: 1rem;\">Je vous transmet les gestes et postures pour s\u00e9curiser, masser, stimuler, apaiser, aider votre b\u00e9b\u00e9 \u00e0 \u00eatre bien dans son corps en pleine construction.<\/span><\/p><p>Construisez de solides fondations pour que l\u2019aventure en famille soit la plus fluide et harmonieuse possible.<\/p>\t\t\t\t\t\t\t\t<\/div>\n\t\t\t\t<\/div>\n\t\t\t\t\t<\/div>\n\t\t<\/div>\n\t\t\t\t\t<\/div>\n\t\t<\/section>\n\t\t\t\t<section class=\"elementor-section elementor-top-section elementor-element elementor-element-efa891d elementor-section-boxed elementor-section-height-default elementor-section-height-default\" data-id=\"efa891d\" data-element_type=\"section\">\n\t\t\t\t\t\t<div class=\"elementor-container elementor-column-gap-default\">\n\t\t\t\t\t<div class=\"elementor-column elementor-col-33 elementor-top-column elementor-element elementor-element-363177b\" data-id=\"363177b\" data-element_type=\"column\">\n\t\t\t<div class=\"elementor-widget-wrap elementor-element-populated\">\n\t\t\t\t\t\t<div class=\"elementor-element elementor-element-ef3b3d7 elementor-invisible elementor-widget elementor-widget-image\" data-id=\"ef3b3d7\" data-element_type=\"widget\" data-settings=\"{&quot;_animation&quot;:&quot;fadeInDown&quot;}\" data-widget_type=\"image.default\">\n\t\t\t\t<div class=\"elementor-widget-container\">\n\t\t\t\t\t\t\t\t\t\t\t\t<figure class=\"wp-caption\">\n\t\t\t\t\t\t\t\t\t\t\t<a href=\"?page_id=70\" target=\"_blank\" 0=\"PRENATAL\">\n\t\t\t\t\t\t\t<img fetchpriority=\"high\" decoding=\"async\" width=\"525\" height=\"525\" src=\"https:\/\/cocoonamama.fr\/wp-content\/uploads\/2023\/09\/yoga-prenatal-2-1024x1024.jpg\" class=\"attachment-large size-large wp-image-121\" alt=\"\" srcset=\"https:\/\/cocoonamama.fr\/wp-content\/uploads\/2023\/09\/yoga-prenatal-2-1024x1024.jpg 1024w, https:\/\/cocoonamama.fr\/wp-content\/uploads\/2023\/09\/yoga-prenatal-2-300x300.jpg 300w, https:\/\/cocoonamama.fr\/wp-content\/uploads\/2023\/09\/yoga-prenatal-2-150x150.jpg 150w, https:\/\/cocoonamama.fr\/wp-content\/uploads\/2023\/09\/yoga-prenatal-2-768x768.jpg 768w, https:\/\/cocoonamama.fr\/wp-content\/uploads\/2023\/09\/yoga-prenatal-2-100x100.jpg 100w, https:\/\/cocoonamama.fr\/wp-content\/uploads\/2023\/09\/yoga-prenatal-2.jpg 1080w\" sizes=\"100vw\" \/>\t\t\t\t\t\t\t\t<\/a>\n\t\t\t\t\t\t\t\t\t\t\t<figcaption class=\"widget-image-caption wp-caption-text\">YOGA PRENATAL<\/figcaption>\n\t\t\t\t\t\t\t\t\t\t<\/figure>\n\t\t\t\t\t\t\t\t\t<\/div>\n\t\t\t\t<\/div>\n\t\t\t\t\t<\/div>\n\t\t<\/div>\n\t\t\t\t<div class=\"elementor-column elementor-col-33 elementor-top-column elementor-element elementor-element-82bf25f\" data-id=\"82bf25f\" data-element_type=\"column\">\n\t\t\t<div class=\"elementor-widget-wrap elementor-element-populated\">\n\t\t\t\t\t\t<div class=\"elementor-element elementor-element-28c5a4a elementor-invisible elementor-widget elementor-widget-image\" data-id=\"28c5a4a\" data-element_type=\"widget\" data-settings=\"{&quot;_animation&quot;:&quot;fadeInDown&quot;}\" data-widget_type=\"image.default\">\n\t\t\t\t<div class=\"elementor-widget-container\">\n\t\t\t\t\t\t\t\t\t\t\t\t<figure class=\"wp-caption\">\n\t\t\t\t\t\t\t\t\t\t\t<a href=\"?page_id=79\" target=\"_blank\" yogapostnatal=\"\">\n\t\t\t\t\t\t\t<img decoding=\"async\" width=\"525\" height=\"525\" src=\"https:\/\/cocoonamama.fr\/wp-content\/uploads\/2023\/09\/YOGA-POSTNATAL-1024x1024.jpg\" class=\"attachment-large size-large wp-image-120\" alt=\"\" srcset=\"https:\/\/cocoonamama.fr\/wp-content\/uploads\/2023\/09\/YOGA-POSTNATAL-1024x1024.jpg 1024w, https:\/\/cocoonamama.fr\/wp-content\/uploads\/2023\/09\/YOGA-POSTNATAL-300x300.jpg 300w, https:\/\/cocoonamama.fr\/wp-content\/uploads\/2023\/09\/YOGA-POSTNATAL-150x150.jpg 150w, https:\/\/cocoonamama.fr\/wp-content\/uploads\/2023\/09\/YOGA-POSTNATAL-768x768.jpg 768w, https:\/\/cocoonamama.fr\/wp-content\/uploads\/2023\/09\/YOGA-POSTNATAL-100x100.jpg 100w, https:\/\/cocoonamama.fr\/wp-content\/uploads\/2023\/09\/YOGA-POSTNATAL.jpg 1080w\" sizes=\"100vw\" \/>\t\t\t\t\t\t\t\t<\/a>\n\t\t\t\t\t\t\t\t\t\t\t<figcaption class=\"widget-image-caption wp-caption-text\">YOGA POSTNATAL<\/figcaption>\n\t\t\t\t\t\t\t\t\t\t<\/figure>\n\t\t\t\t\t\t\t\t\t<\/div>\n\t\t\t\t<\/div>\n\t\t\t\t\t<\/div>\n\t\t<\/div>\n\t\t\t\t<div class=\"elementor-column elementor-col-33 elementor-top-column elementor-element elementor-element-d74a7a7\" data-id=\"d74a7a7\" data-element_type=\"column\">\n\t\t\t<div class=\"elementor-widget-wrap elementor-element-populated\">\n\t\t\t\t\t\t<div class=\"elementor-element elementor-element-0006e99 elementor-invisible elementor-widget elementor-widget-image\" data-id=\"0006e99\" data-element_type=\"widget\" data-settings=\"{&quot;_animation&quot;:&quot;fadeInDown&quot;}\" data-widget_type=\"image.default\">\n\t\t\t\t<div class=\"elementor-widget-container\">\n\t\t\t\t\t\t\t\t\t\t\t\t<figure class=\"wp-caption\">\n\t\t\t\t\t\t\t\t\t\t\t<a href=\"?page_id=286\">\n\t\t\t\t\t\t\t<img decoding=\"async\" width=\"525\" height=\"525\" src=\"https:\/\/cocoonamama.fr\/wp-content\/uploads\/2023\/09\/Danse-Maman-BB-1024x1024.jpg\" class=\"attachment-large size-large wp-image-115\" alt=\"\" srcset=\"https:\/\/cocoonamama.fr\/wp-content\/uploads\/2023\/09\/Danse-Maman-BB-1024x1024.jpg 1024w, https:\/\/cocoonamama.fr\/wp-content\/uploads\/2023\/09\/Danse-Maman-BB-300x300.jpg 300w, https:\/\/cocoonamama.fr\/wp-content\/uploads\/2023\/09\/Danse-Maman-BB-150x150.jpg 150w, https:\/\/cocoonamama.fr\/wp-content\/uploads\/2023\/09\/Danse-Maman-BB-768x768.jpg 768w, https:\/\/cocoonamama.fr\/wp-content\/uploads\/2023\/09\/Danse-Maman-BB-100x100.jpg 100w, https:\/\/cocoonamama.fr\/wp-content\/uploads\/2023\/09\/Danse-Maman-BB.jpg 1080w\" sizes=\"100vw\" \/>\t\t\t\t\t\t\t\t<\/a>\n\t\t\t\t\t\t\t\t\t\t\t<figcaption class=\"widget-image-caption wp-caption-text\">DANSE POSTNATALE<\/figcaption>\n\t\t\t\t\t\t\t\t\t\t<\/figure>\n\t\t\t\t\t\t\t\t\t<\/div>\n\t\t\t\t<\/div>\n\t\t\t\t\t<\/div>\n\t\t<\/div>\n\t\t\t\t\t<\/div>\n\t\t<\/section>\n\t\t\t\t<section class=\"elementor-section elementor-top-section elementor-element elementor-element-1b3e99c elementor-section-boxed elementor-section-height-default elementor-section-height-default\" data-id=\"1b3e99c\" data-element_type=\"section\">\n\t\t\t\t\t\t<div class=\"elementor-container elementor-column-gap-default\">\n\t\t\t\t\t<div class=\"elementor-column elementor-col-33 elementor-top-column elementor-element elementor-element-9b27695\" data-id=\"9b27695\" data-element_type=\"column\">\n\t\t\t<div class=\"elementor-widget-wrap elementor-element-populated\">\n\t\t\t\t\t\t<div class=\"elementor-element elementor-element-92b2eb6 animated-slow elementor-invisible elementor-widget elementor-widget-image\" data-id=\"92b2eb6\" data-element_type=\"widget\" data-settings=\"{&quot;_animation&quot;:&quot;fadeInDown&quot;}\" data-widget_type=\"image.default\">\n\t\t\t\t<div class=\"elementor-widget-container\">\n\t\t\t\t\t\t\t\t\t\t\t\t<figure class=\"wp-caption\">\n\t\t\t\t\t\t\t\t\t\t\t<a href=\"?page_id=219\">\n\t\t\t\t\t\t\t<img loading=\"lazy\" decoding=\"async\" width=\"525\" height=\"525\" src=\"https:\/\/cocoonamama.fr\/wp-content\/uploads\/2023\/09\/Massage-BB-1-1024x1024.jpg\" class=\"attachment-large size-large wp-image-145\" alt=\"\" srcset=\"https:\/\/cocoonamama.fr\/wp-content\/uploads\/2023\/09\/Massage-BB-1-1024x1024.jpg 1024w, https:\/\/cocoonamama.fr\/wp-content\/uploads\/2023\/09\/Massage-BB-1-300x300.jpg 300w, https:\/\/cocoonamama.fr\/wp-content\/uploads\/2023\/09\/Massage-BB-1-150x150.jpg 150w, https:\/\/cocoonamama.fr\/wp-content\/uploads\/2023\/09\/Massage-BB-1-768x768.jpg 768w, https:\/\/cocoonamama.fr\/wp-content\/uploads\/2023\/09\/Massage-BB-1-100x100.jpg 100w, https:\/\/cocoonamama.fr\/wp-content\/uploads\/2023\/09\/Massage-BB-1.jpg 1080w\" sizes=\"100vw\" \/>\t\t\t\t\t\t\t\t<\/a>\n\t\t\t\t\t\t\t\t\t\t\t<figcaption class=\"widget-image-caption wp-caption-text\">MASSAGE BEBE<\/figcaption>\n\t\t\t\t\t\t\t\t\t\t<\/figure>\n\t\t\t\t\t\t\t\t\t<\/div>\n\t\t\t\t<\/div>\n\t\t\t\t\t<\/div>\n\t\t<\/div>\n\t\t\t\t<div class=\"elementor-column elementor-col-33 elementor-top-column elementor-element elementor-element-5b2894b\" data-id=\"5b2894b\" data-element_type=\"column\">\n\t\t\t<div class=\"elementor-widget-wrap elementor-element-populated\">\n\t\t\t\t\t\t<div class=\"elementor-element elementor-element-8bd107e animated-slow elementor-invisible elementor-widget elementor-widget-image\" data-id=\"8bd107e\" data-element_type=\"widget\" data-settings=\"{&quot;_animation&quot;:&quot;fadeInDown&quot;}\" data-widget_type=\"image.default\">\n\t\t\t\t<div class=\"elementor-widget-container\">\n\t\t\t\t\t\t\t\t\t\t\t\t<figure class=\"wp-caption\">\n\t\t\t\t\t\t\t\t\t\t\t<a href=\"https:\/\/cocoonamama.fr\/?page_id=175\">\n\t\t\t\t\t\t\t<img loading=\"lazy\" decoding=\"async\" width=\"525\" height=\"525\" src=\"https:\/\/cocoonamama.fr\/wp-content\/uploads\/2023\/09\/Baby-Yoga-1024x1024.jpg\" class=\"attachment-large size-large wp-image-111\" alt=\"\" srcset=\"https:\/\/cocoonamama.fr\/wp-content\/uploads\/2023\/09\/Baby-Yoga-1024x1024.jpg 1024w, https:\/\/cocoonamama.fr\/wp-content\/uploads\/2023\/09\/Baby-Yoga-300x300.jpg 300w, https:\/\/cocoonamama.fr\/wp-content\/uploads\/2023\/09\/Baby-Yoga-150x150.jpg 150w, https:\/\/cocoonamama.fr\/wp-content\/uploads\/2023\/09\/Baby-Yoga-768x768.jpg 768w, https:\/\/cocoonamama.fr\/wp-content\/uploads\/2023\/09\/Baby-Yoga-100x100.jpg 100w, https:\/\/cocoonamama.fr\/wp-content\/uploads\/2023\/09\/Baby-Yoga.jpg 1080w\" sizes=\"100vw\" \/>\t\t\t\t\t\t\t\t<\/a>\n\t\t\t\t\t\t\t\t\t\t\t<figcaption class=\"widget-image-caption wp-caption-text\">BABY YOGA<\/figcaption>\n\t\t\t\t\t\t\t\t\t\t<\/figure>\n\t\t\t\t\t\t\t\t\t<\/div>\n\t\t\t\t<\/div>\n\t\t\t\t\t<\/div>\n\t\t<\/div>\n\t\t\t\t<div class=\"elementor-column elementor-col-33 elementor-top-column elementor-element elementor-element-f0ec526\" data-id=\"f0ec526\" data-element_type=\"column\">\n\t\t\t<div class=\"elementor-widget-wrap elementor-element-populated\">\n\t\t\t\t\t\t<div class=\"elementor-element elementor-element-abecfed animated-slow elementor-invisible elementor-widget elementor-widget-image\" data-id=\"abecfed\" data-element_type=\"widget\" data-settings=\"{&quot;_animation&quot;:&quot;fadeInDown&quot;}\" data-widget_type=\"image.default\">\n\t\t\t\t<div class=\"elementor-widget-container\">\n\t\t\t\t\t\t\t\t\t\t\t\t<figure class=\"wp-caption\">\n\t\t\t\t\t\t\t\t\t\t\t<a href=\"https:\/\/cocoonamama.fr\/?page_id=418\">\n\t\t\t\t\t\t\t<img loading=\"lazy\" decoding=\"async\" width=\"525\" height=\"525\" src=\"https:\/\/cocoonamama.fr\/wp-content\/uploads\/2023\/09\/PlongerDansLuniversDeVotreBB-1-1024x1024.jpg\" class=\"attachment-large size-large wp-image-260\" alt=\"\" srcset=\"https:\/\/cocoonamama.fr\/wp-content\/uploads\/2023\/09\/PlongerDansLuniversDeVotreBB-1-1024x1024.jpg 1024w, https:\/\/cocoonamama.fr\/wp-content\/uploads\/2023\/09\/PlongerDansLuniversDeVotreBB-1-300x300.jpg 300w, https:\/\/cocoonamama.fr\/wp-content\/uploads\/2023\/09\/PlongerDansLuniversDeVotreBB-1-150x150.jpg 150w, https:\/\/cocoonamama.fr\/wp-content\/uploads\/2023\/09\/PlongerDansLuniversDeVotreBB-1-768x768.jpg 768w, https:\/\/cocoonamama.fr\/wp-content\/uploads\/2023\/09\/PlongerDansLuniversDeVotreBB-1-100x100.jpg 100w, https:\/\/cocoonamama.fr\/wp-content\/uploads\/2023\/09\/PlongerDansLuniversDeVotreBB-1.jpg 1080w\" sizes=\"100vw\" \/>\t\t\t\t\t\t\t\t<\/a>\n\t\t\t\t\t\t\t\t\t\t\t<figcaption class=\"widget-image-caption wp-caption-text\">ACCOMPAGNEMENT PARENTS-ENFANTS<\/figcaption>\n\t\t\t\t\t\t\t\t\t\t<\/figure>\n\t\t\t\t\t\t\t\t\t<\/div>\n\t\t\t\t<\/div>\n\t\t\t\t\t<\/div>\n\t\t<\/div>\n\t\t\t\t\t<\/div>\n\t\t<\/section>\n\t\t\t\t<section class=\"elementor-section elementor-top-section elementor-element elementor-element-27ef897 elementor-section-boxed elementor-section-height-default elementor-section-height-default\" data-id=\"27ef897\" data-element_type=\"section\">\n\t\t\t\t\t\t<div class=\"elementor-container elementor-column-gap-default\">\n\t\t\t\t\t<div class=\"elementor-column elementor-col-33 elementor-top-column elementor-element elementor-element-8984f0a\" data-id=\"8984f0a\" data-element_type=\"column\">\n\t\t\t<div class=\"elementor-widget-wrap\">\n\t\t\t\t\t\t\t<\/div>\n\t\t<\/div>\n\t\t\t\t<div class=\"elementor-column elementor-col-33 elementor-top-column elementor-element elementor-element-8e175db\" data-id=\"8e175db\" data-element_type=\"column\">\n\t\t\t<div class=\"elementor-widget-wrap elementor-element-populated\">\n\t\t\t\t\t\t<div class=\"elementor-element elementor-element-f98d01c elementor-invisible elementor-widget elementor-widget-image\" data-id=\"f98d01c\" data-element_type=\"widget\" data-settings=\"{&quot;_animation&quot;:&quot;fadeInDown&quot;}\" data-widget_type=\"image.default\">\n\t\t\t\t<div class=\"elementor-widget-container\">\n\t\t\t\t\t\t\t\t\t\t\t\t<figure class=\"wp-caption\">\n\t\t\t\t\t\t\t\t\t\t\t<a href=\"?page_id=751\">\n\t\t\t\t\t\t\t<img loading=\"lazy\" decoding=\"async\" width=\"525\" height=\"559\" src=\"https:\/\/cocoonamama.fr\/wp-content\/uploads\/2025\/11\/image-site-DOULA-961x1024.png\" class=\"attachment-large size-large wp-image-765\" alt=\"\" srcset=\"https:\/\/cocoonamama.fr\/wp-content\/uploads\/2025\/11\/image-site-DOULA-961x1024.png 961w, https:\/\/cocoonamama.fr\/wp-content\/uploads\/2025\/11\/image-site-DOULA-282x300.png 282w, https:\/\/cocoonamama.fr\/wp-content\/uploads\/2025\/11\/image-site-DOULA-768x818.png 768w, https:\/\/cocoonamama.fr\/wp-content\/uploads\/2025\/11\/image-site-DOULA.png 1414w\" sizes=\"100vw\" \/>\t\t\t\t\t\t\t\t<\/a>\n\t\t\t\t\t\t\t\t\t\t\t<figcaption class=\"widget-image-caption wp-caption-text\">DOULA<\/figcaption>\n\t\t\t\t\t\t\t\t\t\t<\/figure>\n\t\t\t\t\t\t\t\t\t<\/div>\n\t\t\t\t<\/div>\n\t\t\t\t\t<\/div>\n\t\t<\/div>\n\t\t\t\t<div class=\"elementor-column elementor-col-33 elementor-top-column elementor-element elementor-element-7f67b32\" data-id=\"7f67b32\" data-element_type=\"column\">\n\t\t\t<div class=\"elementor-widget-wrap\">\n\t\t\t\t\t\t\t<\/div>\n\t\t<\/div>\n\t\t\t\t\t<\/div>\n\t\t<\/section>\n\t\t\t\t<\/div>\n\t\t","protected":false},"excerpt":{"rendered":"<p>Bienvenue dans ce cocon d\u2019amour autour de la naissance Vous trouverez ici comment vivre au mieux l\u2019arriv\u00e9e de votre b\u00e9b\u00e9. Accompagnement des transformations corporelles et \u00e9motionnelles li\u00e9es \u00e0 votre grossesse o\u00f9\u00a0 \u00e0 votre accouchement. Accompagnement \u00e0 l&rsquo;arriv\u00e9e de b\u00e9b\u00e9. Je vous transmet les gestes et postures pour s\u00e9curiser, masser, stimuler, apaiser, aider votre b\u00e9b\u00e9 \u00e0 &hellip; <\/p>\n<p class=\"link-more\"><a href=\"https:\/\/cocoonamama.fr\/\" class=\"more-link\">Continuer la lecture<span class=\"screen-reader-text\"> de &laquo;&nbsp;BIENVENUE&nbsp;&raquo;<\/span><\/a><\/p>\n","protected":false},"author":1,"featured_media":0,"parent":0,"menu_order":0,"comment_status":"closed","ping_status":"closed","template":"","meta":{"footnotes":""},"class_list":["post-131","page","type-page","status-publish","hentry"],"_links":{"self":[{"href":"https:\/\/cocoonamama.fr\/index.php?rest_route=\/wp\/v2\/pages\/131","targetHints":{"allow":["GET"]}}],"collection":[{"href":"https:\/\/cocoonamama.fr\/index.php?rest_route=\/wp\/v2\/pages"}],"about":[{"href":"https:\/\/cocoonamama.fr\/index.php?rest_route=\/wp\/v2\/types\/page"}],"author":[{"embeddable":true,"href":"https:\/\/cocoonamama.fr\/index.php?rest_route=\/wp\/v2\/users\/1"}],"replies":[{"embeddable":true,"href":"https:\/\/cocoonamama.fr\/index.php?rest_route=%2Fwp%2Fv2%2Fcomments&post=131"}],"version-history":[{"count":52,"href":"https:\/\/cocoonamama.fr\/index.php?rest_route=\/wp\/v2\/pages\/131\/revisions"}],"predecessor-version":[{"id":770,"href":"https:\/\/cocoonamama.fr\/index.php?rest_route=\/wp\/v2\/pages\/131\/revisions\/770"}],"wp:attachment":[{"href":"https:\/\/cocoonamama.fr\/index.php?rest_route=%2Fwp%2Fv2%2Fmedia&parent=131"}],"curies":[{"name":"wp","href":"https:\/\/api.w.org\/{rel}","templated":true}]}}